{"id":3229,"date":"2020-03-04T11:14:00","date_gmt":"2020-03-04T16:14:00","guid":{"rendered":"https:\/\/quexopa.io\/data-monetization-strategy\/"},"modified":"2020-06-21T12:13:55","modified_gmt":"2020-06-21T16:13:55","slug":"data-monetization-strategy","status":"publish","type":"page","link":"https:\/\/quexopa.io\/pt-br\/data-monetization-strategy\/","title":{"rendered":"Data Monetization Strategy &#8211; Portuguese"},"content":{"rendered":"<h1>\n\t\tCriando valor a partir do escape de dados\n\t<\/h1>\n\t<p>QueXopa\u00ae \u00e9 especialista em pesquisa e fornecimento de dados corporativos n\u00e3o utilizados.\u00a0Transformamos esses dados em informa\u00e7\u00f5es incrivelmente valiosas para nossos clientes, fornecendo eventos de monetiza\u00e7\u00e3o para produtores de dados.<\/p>\n\t\t\t<a href=\"#\" target=\"_self\" role=\"button\" rel=\"noopener noreferrer\">\n\t\t\t\t\t\t\tSOLICITAR DADOS PERSONALIZADOS\n\t\t\t\t\t<\/a>\n\t\t\t\t<img loading=\"lazy\" src=\"https:\/\/quexopa.io\/wp-content\/uploads\/2020\/02\/DataStrategy.png\" alt=\"DataStrategy\" itemprop=\"image\" height=\"567\" width=\"535\" title=\"DataStrategy\" onerror=\"this.style.display='none'\"  \/>\n\t\t\t\t<img loading=\"lazy\" src=\"https:\/\/quexopa.io\/wp-content\/uploads\/2020\/02\/DataStrategy.png\" alt=\"DataStrategy\" itemprop=\"image\" height=\"567\" width=\"535\" title=\"DataStrategy\" onerror=\"this.style.display='none'\"  \/>\n\t\t\t\t<img loading=\"lazy\" src=\"https:\/\/quexopa.io\/wp-content\/uploads\/2020\/02\/DrowingData.png\" alt=\"DrowingData\" itemprop=\"image\" height=\"402\" width=\"650\" title=\"DrowingData\" onerror=\"this.style.display='none'\"  \/>\n\t\t\t\t<img loading=\"lazy\" src=\"https:\/\/quexopa.io\/wp-content\/uploads\/2020\/02\/DrowingData.png\" alt=\"DrowingData\" itemprop=\"image\" height=\"402\" width=\"650\" title=\"DrowingData\" onerror=\"this.style.display='none'\"  \/>\n<h2>\n\t\t Em 2020, as empresas est\u00e3o se afogando em seus pr\u00f3prios dados.\n\t<\/h2>\n\t<ul>\n\t\t<li><h4><\/h4 ><p>Os dados s\u00e3o um subproduto da simples realiza\u00e7\u00e3o de neg\u00f3cios na era digital.\u00a0Os dados operacionais s\u00e3o caros para gerenciar, formatar e armazenar, sem criar valor para 99% das empresas na Am\u00e9rica Latina e em outros mercados emergentes.A QueXopa desenvolve uma estrat\u00e9gia completa de monetiza\u00e7\u00e3o de dados para transformar dados operacionais subutilizados em eventos geradores de receita para nossos parceiros e valiosa intelig\u00eancia de neg\u00f3cios para nossos clientes em v\u00e1rios setores.<\/p><\/li>\t<\/ul>\n\t\t\t<a href=\"#\" target=\"_self\" role=\"button\" rel=\"noopener noreferrer\">\n\t\t\t\t\t\t\tSOLICITE MAIS DETALHES\n\t\t\t<\/a>\n\t\t\t\t<img loading=\"lazy\" src=\"https:\/\/quexopa.io\/wp-content\/uploads\/2020\/02\/DataStrategy.png\" alt=\"DataStrategy\" itemprop=\"image\" height=\"567\" width=\"535\" title=\"DataStrategy\" onerror=\"this.style.display='none'\"  \/>\n<h2>\n\t\tComo podemos ajudar sua empresa com uma estrat\u00e9gia de monetiza\u00e7\u00e3o de dados sem sacrificar a privacidade.\n\t<\/h2>\n\t<ul>\n\t\t<li><h4><\/h4 ><p>Em 2020, os dados s\u00e3o uma nova classe de ativos.\u00a0Encontrar valor deve ser uma prioridade de qualquer empresa que coleta dados de qualquer forma.\u00a0A monetiza\u00e7\u00e3o de dados n\u00e3o utilizados atrav\u00e9s de nossas verticais de vendas estabelecidas \u00e9 o que faz da QueXopa um parceiro valioso.Todos os dados que ingerimos s\u00e3o limpos de qualquer informa\u00e7\u00e3o <a href=\"https:\/\/www.investopedia.com\/terms\/p\/personally-identifiable-information-pii.asp\" target=\"_blank\" rel=\"noopener noreferrer\">Pessoal Identific\u00e1vel (PII)<\/a>\u00a0.\u00a0Cumprimos\u00a0todas as\u00a0leis\u00a0gerais de prote\u00e7\u00e3o de dados do\u00a0<a href=\"https:\/\/gdpr.eu\/\" target=\"_blank\" rel=\"noopener noreferrer\">GDPR (UE)<\/a>\u00a0,\u00a0<a href=\"https:\/\/iapp.org\/resources\/article\/brazils-general-data-protection-law-english-translation\/\" target=\"_blank\" rel=\"noopener noreferrer\">LGPD (BR)<\/a>\u00a0e regionais.\u00a0Todas as informa\u00e7\u00f5es distribu\u00eddas em nossos setores verticais devem obedecer a um processo seguro e an\u00f4nimo para proteger qualquer informa\u00e7\u00e3o confidencial do cliente<\/li><li><h4>Tipos de Empresas que Aconselhamos<\/h4 ><ul><li>In\u00edcio da Fase Inicial<\/li><li>Servi\u00e7os Financeiros<\/li><li>Seguradoras<\/li><li>Setor Imobili\u00e1rio<\/li><\/ul><ul><li>Aplica\u00e7\u00f5es M\u00f3veis<\/li><li>Grandes Varejistas<\/li><li>Fintechs<\/li><li>Ind\u00fastria Mar\u00edtima<\/li><\/ul>\u00a0<\/p><\/li>\t<\/ul>\n\t\t\t<a href=\"#\" target=\"_self\" role=\"button\" rel=\"noopener noreferrer\">\n\t\t\t\t\t\t\tSOLICITE MAIS DETALHES \n\t\t\t<\/a>\n\t\t\t\t<img loading=\"lazy\" src=\"https:\/\/quexopa.io\/wp-content\/uploads\/2020\/02\/DataStrategy.png\" alt=\"DataStrategy\" itemprop=\"image\" height=\"567\" width=\"535\" title=\"DataStrategy\" onerror=\"this.style.display='none'\"  \/>\n<h3>\n\t\tOs Dados S\u00e3o o Novo Petr\u00f3leo&#8230;\n\t<\/h3>\n\t<p><a href=\"https:\/\/www.economist.com\/leaders\/2017\/05\/06\/the-worlds-most-valuable-resource-is-no-longer-oil-but-data\" target=\"_blank\" rel=\"noopener noreferrer\">Os dados s\u00e3o a mercadoria mais valiosa do mundo<\/a>\u00a0e novas maneiras de monetiz\u00e1-las s\u00e3o descobertas todos os dias.\u00a0Os dados alimentam insights sobre o\u00a0<a href=\"https:\/\/www.theverge.com\/2020\/3\/23\/21190700\/eu-mobile-carriers-customer-data-coronavirus-south-korea-taiwan-privacy\" target=\"_blank\" rel=\"noopener noreferrer\">surto de CoronaVirus<\/a>\u00a0ou sinais de\u00a0mudan\u00e7as\u00a0econ\u00f4micas nas regi\u00f5es.\u00a0A experi\u00eancia da QueXopa \u00e9 incompar\u00e1vel na cria\u00e7\u00e3o de fluxos de receita a partir dos armazenamentos de dados utilizados pela empresa.<\/p>\n\t\t\t<a href=\"#\" target=\"_self\" role=\"button\" rel=\"noopener noreferrer\">\n\t\t\t\t\t\t\tMONETIZE YOUR DATA\n\t\t\t<\/a>\n\t\t\t\t<img loading=\"lazy\" src=\"https:\/\/quexopa.io\/wp-content\/uploads\/2020\/04\/Data_New_Oil.png\" alt=\"Data_New_Oil\" itemprop=\"image\" height=\"747\" width=\"887\" title=\"Data_New_Oil\" onerror=\"this.style.display='none'\"  \/>\n<h3>\n\t\tCreating Value for Our Partners\n\t<\/h3>\n\t<p>In March 2020, QueXopa signed an exclusive deal with the Panama Canal Authority to be the sole supplier of maritime data products for the largest global maritime pathway in the Western Hemisphere.<\/p>\n\t\t\t<a href=\"#\" target=\"_self\" role=\"button\" rel=\"noopener noreferrer\">\n\t\t\t\t\t\t\tTELL US HOW WE CAN HELP YOU\n\t\t\t<\/a>\n\t\t\t\t<img loading=\"lazy\" src=\"https:\/\/quexopa.io\/wp-content\/uploads\/2020\/02\/canal_de_panama2.png\" alt=\"canal_de_panama2\" itemprop=\"image\" height=\"684\" width=\"1172\" title=\"canal_de_panama2\" onerror=\"this.style.display='none'\"  \/>\n","protected":false},"excerpt":{"rendered":"<p>Criando valor a partir do escape de dados QueXopa\u00ae \u00e9 especialista em pesquisa e fornecimento de dados corporativos n\u00e3o utilizados.\u00a0Transformamos esses dados em informa\u00e7\u00f5es incrivelmente valiosas para nossos clientes, fornecendo eventos de monetiza\u00e7\u00e3o para produtores de dados. SOLICITAR DADOS PERSONALIZADOS Em 2020, as empresas est\u00e3o se afogando em seus pr\u00f3prios dados. Os dados s\u00e3o um &hellip;<\/p>\n<p class=\"read-more\"> <a class=\"\" href=\"https:\/\/quexopa.io\/pt-br\/data-monetization-strategy\/\"> <span class=\"screen-reader-text\">Data Monetization Strategy &#8211; Portuguese<\/span> Leia mais \u00bb<\/a><\/p>\n","protected":false},"author":2,"featured_media":0,"parent":0,"menu_order":0,"comment_status":"closed","ping_status":"closed","template":"","meta":[],"yoast_head":"<!-- This site is optimized with the Yoast SEO plugin v15.8 - https:\/\/yoast.com\/wordpress\/plugins\/seo\/ -->\n<title>QueXopa\u00ae | Latin American Data &amp; Insights<\/title>\n<meta name=\"description\" content=\"QueXopa\u00ae is a consumer pricing alternative data service provider that provides reliable, high-quality, and precise data on demand for 18 countries in Latin America.\" \/>\n<meta name=\"robots\" content=\"index, follow, max-snippet:-1, max-image-preview:large, max-video-preview:-1\" \/>\n<link rel=\"canonical\" href=\"https:\/\/quexopa.io\/pt-br\/data-monetization-strategy\/\" \/>\n<meta property=\"og:locale\" content=\"pt_BR\" \/>\n<meta property=\"og:type\" content=\"article\" \/>\n<meta property=\"og:title\" content=\"QueXopa\u00ae | Latin American Data &amp; Insights\" \/>\n<meta property=\"og:description\" content=\"QueXopa\u00ae is a consumer pricing alternative data service provider that provides reliable, high-quality, and precise data on demand for 18 countries in Latin America.\" \/>\n<meta property=\"og:url\" content=\"https:\/\/quexopa.io\/pt-br\/data-monetization-strategy\/\" \/>\n<meta property=\"og:site_name\" content=\"QueXopa\u00ae | Latin American Insights\" \/>\n<meta property=\"article:modified_time\" content=\"2020-06-21T16:13:55+00:00\" \/>\n<meta property=\"og:image\" content=\"https:\/\/quexopa.io\/wp-content\/uploads\/2020\/02\/DataStrategy.png\" \/>\n<meta name=\"twitter:card\" content=\"summary_large_image\" \/>\n<meta name=\"twitter:site\" content=\"@quexopadata\" \/>\n<meta name=\"twitter:label1\" content=\"Est. reading time\">\n\t<meta name=\"twitter:data1\" content=\"2 minutos\">\n<script type=\"application\/ld+json\" class=\"yoast-schema-graph\">{\"@context\":\"https:\/\/schema.org\",\"@graph\":[{\"@type\":\"Organization\",\"@id\":\"https:\/\/quexopa.io\/#organization\",\"name\":\"QueXopa\",\"url\":\"https:\/\/quexopa.io\/\",\"sameAs\":[\"http:\/\/@quexopadata\",\"https:\/\/twitter.com\/quexopadata\"],\"logo\":{\"@type\":\"ImageObject\",\"@id\":\"https:\/\/quexopa.io\/#logo\",\"inLanguage\":\"pt-BR\",\"url\":\"https:\/\/quexopa.io\/wp-content\/uploads\/2018\/03\/QuexopaLogo_2.svg\",\"width\":468,\"height\":135,\"caption\":\"QueXopa\"},\"image\":{\"@id\":\"https:\/\/quexopa.io\/#logo\"}},{\"@type\":\"WebSite\",\"@id\":\"https:\/\/quexopa.io\/#website\",\"url\":\"https:\/\/quexopa.io\/\",\"name\":\"QueXopa\\u00ae | Latin American Insights\",\"description\":\"Alternative Data for Emerging Markets\",\"publisher\":{\"@id\":\"https:\/\/quexopa.io\/#organization\"},\"potentialAction\":[{\"@type\":\"SearchAction\",\"target\":\"https:\/\/quexopa.io\/?s={search_term_string}\",\"query-input\":\"required name=search_term_string\"}],\"inLanguage\":\"pt-BR\"},{\"@type\":\"ImageObject\",\"@id\":\"https:\/\/quexopa.io\/pt-br\/data-monetization-strategy\/#primaryimage\",\"inLanguage\":\"pt-BR\",\"url\":\"https:\/\/quexopa.io\/wp-content\/uploads\/2020\/02\/DataStrategy.png\",\"width\":535,\"height\":567},{\"@type\":\"WebPage\",\"@id\":\"https:\/\/quexopa.io\/pt-br\/data-monetization-strategy\/#webpage\",\"url\":\"https:\/\/quexopa.io\/pt-br\/data-monetization-strategy\/\",\"name\":\"QueXopa\\u00ae | Latin American Data & Insights\",\"isPartOf\":{\"@id\":\"https:\/\/quexopa.io\/#website\"},\"primaryImageOfPage\":{\"@id\":\"https:\/\/quexopa.io\/pt-br\/data-monetization-strategy\/#primaryimage\"},\"datePublished\":\"2020-03-04T16:14:00+00:00\",\"dateModified\":\"2020-06-21T16:13:55+00:00\",\"description\":\"QueXopa\\u00ae is a consumer pricing alternative data service provider that provides reliable, high-quality, and precise data on demand for 18 countries in Latin America.\",\"breadcrumb\":{\"@id\":\"https:\/\/quexopa.io\/pt-br\/data-monetization-strategy\/#breadcrumb\"},\"inLanguage\":\"pt-BR\",\"potentialAction\":[{\"@type\":\"ReadAction\",\"target\":[\"https:\/\/quexopa.io\/pt-br\/data-monetization-strategy\/\"]}]},{\"@type\":\"BreadcrumbList\",\"@id\":\"https:\/\/quexopa.io\/pt-br\/data-monetization-strategy\/#breadcrumb\",\"itemListElement\":[{\"@type\":\"ListItem\",\"position\":1,\"item\":{\"@type\":\"WebPage\",\"@id\":\"https:\/\/quexopa.io\/pt-br\/\",\"url\":\"https:\/\/quexopa.io\/pt-br\/\",\"name\":\"Home\"}},{\"@type\":\"ListItem\",\"position\":2,\"item\":{\"@type\":\"WebPage\",\"@id\":\"https:\/\/quexopa.io\/pt-br\/data-monetization-strategy\/\",\"url\":\"https:\/\/quexopa.io\/pt-br\/data-monetization-strategy\/\",\"name\":\"Data Monetization Strategy &#8211; Portuguese\"}}]}]}<\/script>\n<!-- \/ Yoast SEO plugin. -->","_links":{"self":[{"href":"https:\/\/quexopa.io\/pt-br\/wp-json\/wp\/v2\/pages\/3229"}],"collection":[{"href":"https:\/\/quexopa.io\/pt-br\/wp-json\/wp\/v2\/pages"}],"about":[{"href":"https:\/\/quexopa.io\/pt-br\/wp-json\/wp\/v2\/types\/page"}],"author":[{"embeddable":true,"href":"https:\/\/quexopa.io\/pt-br\/wp-json\/wp\/v2\/users\/2"}],"replies":[{"embeddable":true,"href":"https:\/\/quexopa.io\/pt-br\/wp-json\/wp\/v2\/comments?post=3229"}],"version-history":[{"count":4,"href":"https:\/\/quexopa.io\/pt-br\/wp-json\/wp\/v2\/pages\/3229\/revisions"}],"predecessor-version":[{"id":3353,"href":"https:\/\/quexopa.io\/pt-br\/wp-json\/wp\/v2\/pages\/3229\/revisions\/3353"}],"wp:attachment":[{"href":"https:\/\/quexopa.io\/pt-br\/wp-json\/wp\/v2\/media?parent=3229"}],"curies":[{"name":"wp","href":"https:\/\/api.w.org\/{rel}","templated":true}]}}