{"id":3218,"date":"2020-03-04T11:10:53","date_gmt":"2020-03-04T16:10:53","guid":{"rendered":"https:\/\/quexopa.io\/on-demand-data\/"},"modified":"2020-04-18T02:34:59","modified_gmt":"2020-04-18T06:34:59","slug":"on-demand-data","status":"publish","type":"page","link":"https:\/\/quexopa.io\/pt-br\/on-demand-data\/","title":{"rendered":"On Demand Data &#8211; Portuguese"},"content":{"rendered":"<h1>\r\n\t\tDados<br> Sob Demanda\r\n\t<\/h1>\r\n<p>Os recursos do QueXopa na Am\u00e9rica Latina permitem que nossos clientes sob demanda solicitem os dados de que precisam quando precisam.<\/p>\r\n\t\t\t<a href=\"#\" target=\"_self\" role=\"button\" rel=\"noopener noreferrer\">\r\n\t\t\t\t\t\t\tSOLICITAR DADOS PERSONALIZADOS\r\n\t\t\t\t\t<\/a>\r\n\t\t\t\t<img loading=\"lazy\" src=\"https:\/\/quexopa.io\/wp-content\/uploads\/2020\/03\/Advise-1.png\" alt=\"Advise\" itemprop=\"image\" height=\"1194\" width=\"1098\" title=\"Advise\" onerror=\"this.style.display='none'\"  \/>\r\n<h2>\r\n\t\tLocalizando os conjuntos de Dados \u00danicos que Transformam Business Intelligence\r\n\t<\/h2>\r\n\t\t\t\t<img loading=\"lazy\" src=\"https:\/\/quexopa.io\/wp-content\/uploads\/2019\/07\/5-layers-1.png\" alt=\"5-layers (1)\" itemprop=\"image\" height=\"4\" width=\"120\" title=\"5-layers (1)\" onerror=\"this.style.display='none'\"  \/>\r\n\t\t\t\t<img src=\"https:\/\/quexopa.io\/wp-content\/uploads\/2019\/09\/Custom.svg\" alt=\"Custom\" itemprop=\"image\"\/>\r\n\t\t<h4>Cole\u00e7\u00f5es Personalizadas<\/h4>\t\t\t\r\n\t\t\t\t<p>Crie uma estrat\u00e9gia de mercado, aproveitando os recursos, a experi\u00eancia geogr\u00e1fica e os m\u00e9todos de coleta de dados da QueXopa que podem ajudar em um empreendimento personalizado na Am\u00e9rica Latina.<\/p>\r\n\t\t\t\t<img src=\"https:\/\/quexopa.io\/wp-content\/uploads\/2019\/09\/OnDemand.svg\" alt=\"OnDemand\" itemprop=\"image\"\/>\r\n\t\t<h4>Fornecimento e agrega\u00e7\u00e3o<\/h4>\t\t\t\r\n\t\t\t\t<p>Por meio de nossas parcerias de agrega\u00e7\u00e3o, coletamos o banco de dados mais extenso da regi\u00e3o para localizar, originar e gerenciar produtos de dados personalizados.<\/p>\r\n\t\t\t\t<img src=\"https:\/\/quexopa.io\/wp-content\/uploads\/2019\/09\/LatamCPI.svg\" alt=\"LatamCPI\" itemprop=\"image\"\/>\r\n\t\t<h4>Data Advantage<\/h4>\t\t\t\r\n\t\t\t\t<p>Construir uma vantagem competitiva em dados come\u00e7a com o aproveitamento de formas exclusivas de informa\u00e7\u00e3o. Os conjuntos de dados exclusivos da Am\u00e9rica Latina atendem \u00e0s suas necessidades e impulsionam a intelig\u00eancia comercial.<\/p>\r\n\t\t\t<a href=\"\" target=\"_self\" role=\"button\" rel=\"noopener noreferrer\">\r\n\t\t\t\t\t\t\tData Hunters\r\n\t\t\t\t\t<\/a>\r\n\t\t\t\t<img loading=\"lazy\" src=\"https:\/\/quexopa.io\/wp-content\/uploads\/2020\/03\/Emerging_Markets-1.png\" alt=\"Emerging_Markets\" itemprop=\"image\" height=\"1152\" width=\"1536\" title=\"Emerging_Markets\" onerror=\"this.style.display='none'\"  \/>\r\n<h2>\r\n\t\tPesquisamos em Mercados Emergentes para Encontrar os Dados Importantes para Business Intelligence\r\n\t<\/h2>\r\n\t<ul>\r\n\t\t<li><h4><\/h4 ><p>Dados alternativos podem ajudar a fechar a lacuna de informa\u00e7\u00f5es nos mercados emergentes. O acesso limitado a dados econ\u00f4micos nessas regi\u00f5es torna o investimento, a pol\u00edtica e as decis\u00f5es de neg\u00f3cios um desafio.O QueXopa oferece uma solu\u00e7\u00e3o de pesquisa de dados escal\u00e1vel para superar barreiras geoecon\u00f4micas, culturais e pol\u00edticas para empreendimentos comerciais na Am\u00e9rica Latina. Pesquisando, protegendo e simplificando um feed de dados confi\u00e1vel em pesquisa de investimento \u00e9 o ingrediente chave para criar um &#8220;Data Advantage&#8221;.<\/p><\/li>\t<\/ul>\r\n\t\t\t\t<img loading=\"lazy\" src=\"https:\/\/quexopa.io\/wp-content\/uploads\/2020\/03\/Emerging_Markets-1.png\" alt=\"Emerging_Markets\" itemprop=\"image\" height=\"1152\" width=\"1536\" title=\"Emerging_Markets\" onerror=\"this.style.display='none'\"  \/>\r\n\t\t\t\t<img src=\"https:\/\/quexopa.io\/wp-content\/uploads\/2020\/03\/Data_Lakes.png\" alt=\"\" itemprop=\"image\" onerror=\"this.style.display='none'\"  \/>\r\n\t\t\t<a href=\"\" target=\"_self\" role=\"button\" rel=\"noopener noreferrer\">\r\n\t\t\t\t\t\t\tAgrega\u00e7\u00e3o de dados\r\n\t\t\t\t\t<\/a>\r\n\t\t\t\t<img src=\"https:\/\/quexopa.io\/wp-content\/uploads\/2020\/03\/Data_Lakes.png\" alt=\"\" itemprop=\"image\" onerror=\"this.style.display='none'\"  \/>\r\n<h2>\r\n\t\tAproveitando o Valor dos Dados Operacionais do Mundo.\r\n\t<\/h2>\r\n\t<ul>\r\n\t\t<li><h4><\/h4 ><p>A QueXopa estabeleceu parcerias com empresas em mercados emergentes que criam dados operacionais acion\u00e1veis. A \u201cexaust\u00e3o de dados\u201d de nossos parceiros alimenta uma ampla gama de produtos que diferenciam e produzem sinais impactantes em regi\u00f5es com pouco investimento. Conjuntos de dados exclusivos quando alavancados criam uma vantagem significativa de informa\u00e7\u00f5es sobre a concorr\u00eancia.<\/li><li><h4>Tipos de Dados que Obtemos<\/h4 ><ul><li>Transa\u00e7\u00f5es com cart\u00e3o de cr\u00e9dito<\/li><li>Localiza\u00e7\u00e3o m\u00f3vel (.sdk)<\/li><li>Ap\u00f3lices de seguro<\/li><li>An\u00fancios imobili\u00e1rios<\/li><\/ul><ul><li>M\u00e9tricas de aplicativos para m\u00f3veis<\/li><li>Monitoramento de Pre\u00e7os<\/li><li>Recibos de e-mail<\/li><li>Dados mar\u00edtimos + portu\u00e1rios<\/li><\/ul>\u00a0<\/p><\/li>\t<\/ul>\r\n\t<ul>\r\n\t\t<li><h4><\/h4 ><p>A QueXopa estabeleceu parcerias com empresas em mercados emergentes que criam dados operacionais acion\u00e1veis. A \u201cexaust\u00e3o de dados\u201d de nossos parceiros alimenta uma ampla gama de produtos que diferenciam e produzem sinais impactantes em regi\u00f5es com pouco investimento. Conjuntos de dados exclusivos quando alavancados criam uma vantagem significativa de informa\u00e7\u00f5es sobre a concorr\u00eancia.<\/li><li><h4>Tipos de Dados que Obtemos<\/h4 ><ul><li>Transa\u00e7\u00f5es com cart\u00e3o de cr\u00e9dito<\/li><li>Localiza\u00e7\u00e3o m\u00f3vel (.sdk)<\/li><li>Ap\u00f3lices de seguro<\/li><li>An\u00fancios imobili\u00e1rios<\/li><\/ul><ul><li>M\u00e9tricas de aplicativos para m\u00f3veis<\/li><li>Monitoramento de Pre\u00e7os<\/li><li>Recibos de e-mail<\/li><li>Dados mar\u00edtimos + portu\u00e1rios<\/li><\/ul><\/p><\/li>\t<\/ul>\r\n<h3>\r\n\t\tO que Podemos Encontrar para Voc\u00ea?\r\n\t<\/h3>\r\n\t<p>Da pesquisa de a\u00e7\u00f5es ao monitoramento de pre\u00e7os raspados na Web. Dados de localiza\u00e7\u00e3o m\u00f3vel para transa\u00e7\u00f5es com cart\u00e3o de cr\u00e9dito. Reserve um minuto para preencher o formul\u00e1rio e informe-nos como podemos ajudar a encontrar os dados que alimentam seus neg\u00f3cios.<\/p>\r\n\t\t\t<a href=\"#\" target=\"_self\" role=\"button\" rel=\"noopener noreferrer\">\r\n\t\t\t\t\t\t\tDiga-nos o que voc\u00ea est\u00e1 procurando\r\n\t\t\t<\/a>\r\n\t\t\t\t<img loading=\"lazy\" src=\"https:\/\/quexopa.io\/wp-content\/uploads\/2020\/03\/Search.png\" alt=\"Search\" itemprop=\"image\" height=\"1949\" width=\"1259\" title=\"Search\" onerror=\"this.style.display='none'\"  \/>\r\n\t\t\t\t<img loading=\"lazy\" src=\"https:\/\/quexopa.io\/wp-content\/uploads\/2020\/03\/Search.png\" alt=\"Search\" itemprop=\"image\" height=\"1949\" width=\"1259\" title=\"Search\" onerror=\"this.style.display='none'\"  \/>\r\n<h3>\r\n\t\tO que Podemos Encontrar para Voc\u00ea?\r\n\t<\/h3>\r\n\t<p>Da pesquisa de a\u00e7\u00f5es ao monitoramento de pre\u00e7os raspados na Web. Dados de localiza\u00e7\u00e3o m\u00f3vel para transa\u00e7\u00f5es com cart\u00e3o de cr\u00e9dito. Reserve um minuto para preencher o formul\u00e1rio e informe-nos como podemos ajudar a encontrar os dados que alimentam seus neg\u00f3cios.<\/p>\r\n\t\t\t<a href=\"#\" target=\"_self\" role=\"button\" rel=\"noopener noreferrer\">\r\n\t\t\t\t\t\t\tTELL US WHAT YOU&#8217;RE LOOKING FOR\r\n\t\t\t<\/a>\r\n","protected":false},"excerpt":{"rendered":"<p>Dados Sob Demanda Os recursos do QueXopa na Am\u00e9rica Latina permitem que nossos clientes sob demanda solicitem os dados de que precisam quando precisam. SOLICITAR DADOS PERSONALIZADOS Localizando os conjuntos de Dados \u00danicos que Transformam Business Intelligence Cole\u00e7\u00f5es Personalizadas Crie uma estrat\u00e9gia de mercado, aproveitando os recursos, a experi\u00eancia geogr\u00e1fica e os m\u00e9todos de coleta &hellip;<\/p>\n<p class=\"read-more\"> <a class=\"\" href=\"https:\/\/quexopa.io\/pt-br\/on-demand-data\/\"> <span class=\"screen-reader-text\">On Demand Data &#8211; Portuguese<\/span> Leia mais \u00bb<\/a><\/p>\n","protected":false},"author":2,"featured_media":0,"parent":0,"menu_order":0,"comment_status":"closed","ping_status":"closed","template":"","meta":[],"yoast_head":"<!-- This site is optimized with the Yoast SEO plugin v15.8 - https:\/\/yoast.com\/wordpress\/plugins\/seo\/ -->\n<title>On Demand Data - Portuguese | QueXopa\u00ae | Latin American Insights<\/title>\n<meta name=\"robots\" content=\"index, follow, max-snippet:-1, max-image-preview:large, max-video-preview:-1\" \/>\n<link rel=\"canonical\" href=\"https:\/\/quexopa.io\/pt-br\/on-demand-data\/\" \/>\n<meta property=\"og:locale\" content=\"pt_BR\" \/>\n<meta property=\"og:type\" content=\"article\" \/>\n<meta property=\"og:title\" content=\"On Demand Data - Portuguese | QueXopa\u00ae | Latin American Insights\" \/>\n<meta property=\"og:description\" content=\"Dados Sob Demanda Os recursos do QueXopa na Am\u00e9rica Latina permitem que nossos clientes sob demanda solicitem os dados de que precisam quando precisam. SOLICITAR DADOS PERSONALIZADOS Localizando os conjuntos de Dados \u00danicos que Transformam Business Intelligence Cole\u00e7\u00f5es Personalizadas Crie uma estrat\u00e9gia de mercado, aproveitando os recursos, a experi\u00eancia geogr\u00e1fica e os m\u00e9todos de coleta &hellip; On Demand Data &#8211; Portuguese Leia mais \u00bb\" \/>\n<meta property=\"og:url\" content=\"https:\/\/quexopa.io\/pt-br\/on-demand-data\/\" \/>\n<meta property=\"og:site_name\" content=\"QueXopa\u00ae | Latin American Insights\" \/>\n<meta property=\"article:modified_time\" content=\"2020-04-18T06:34:59+00:00\" \/>\n<meta property=\"og:image\" content=\"https:\/\/quexopa.io\/wp-content\/uploads\/2020\/03\/Advise-1.png\" \/>\n<meta name=\"twitter:card\" content=\"summary_large_image\" \/>\n<meta name=\"twitter:site\" content=\"@quexopadata\" \/>\n<meta name=\"twitter:label1\" content=\"Est. reading time\">\n\t<meta name=\"twitter:data1\" content=\"3 minutos\">\n<script type=\"application\/ld+json\" class=\"yoast-schema-graph\">{\"@context\":\"https:\/\/schema.org\",\"@graph\":[{\"@type\":\"Organization\",\"@id\":\"https:\/\/quexopa.io\/#organization\",\"name\":\"QueXopa\",\"url\":\"https:\/\/quexopa.io\/\",\"sameAs\":[\"http:\/\/@quexopadata\",\"https:\/\/twitter.com\/quexopadata\"],\"logo\":{\"@type\":\"ImageObject\",\"@id\":\"https:\/\/quexopa.io\/#logo\",\"inLanguage\":\"pt-BR\",\"url\":\"https:\/\/quexopa.io\/wp-content\/uploads\/2018\/03\/QuexopaLogo_2.svg\",\"width\":468,\"height\":135,\"caption\":\"QueXopa\"},\"image\":{\"@id\":\"https:\/\/quexopa.io\/#logo\"}},{\"@type\":\"WebSite\",\"@id\":\"https:\/\/quexopa.io\/#website\",\"url\":\"https:\/\/quexopa.io\/\",\"name\":\"QueXopa\\u00ae | Latin American Insights\",\"description\":\"Alternative Data for Emerging Markets\",\"publisher\":{\"@id\":\"https:\/\/quexopa.io\/#organization\"},\"potentialAction\":[{\"@type\":\"SearchAction\",\"target\":\"https:\/\/quexopa.io\/?s={search_term_string}\",\"query-input\":\"required name=search_term_string\"}],\"inLanguage\":\"pt-BR\"},{\"@type\":\"ImageObject\",\"@id\":\"https:\/\/quexopa.io\/pt-br\/on-demand-data\/#primaryimage\",\"inLanguage\":\"pt-BR\",\"url\":\"https:\/\/quexopa.io\/wp-content\/uploads\/2020\/03\/Advise-1.png\",\"width\":1098,\"height\":1194},{\"@type\":\"WebPage\",\"@id\":\"https:\/\/quexopa.io\/pt-br\/on-demand-data\/#webpage\",\"url\":\"https:\/\/quexopa.io\/pt-br\/on-demand-data\/\",\"name\":\"On Demand Data - Portuguese | QueXopa\\u00ae | Latin American Insights\",\"isPartOf\":{\"@id\":\"https:\/\/quexopa.io\/#website\"},\"primaryImageOfPage\":{\"@id\":\"https:\/\/quexopa.io\/pt-br\/on-demand-data\/#primaryimage\"},\"datePublished\":\"2020-03-04T16:10:53+00:00\",\"dateModified\":\"2020-04-18T06:34:59+00:00\",\"breadcrumb\":{\"@id\":\"https:\/\/quexopa.io\/pt-br\/on-demand-data\/#breadcrumb\"},\"inLanguage\":\"pt-BR\",\"potentialAction\":[{\"@type\":\"ReadAction\",\"target\":[\"https:\/\/quexopa.io\/pt-br\/on-demand-data\/\"]}]},{\"@type\":\"BreadcrumbList\",\"@id\":\"https:\/\/quexopa.io\/pt-br\/on-demand-data\/#breadcrumb\",\"itemListElement\":[{\"@type\":\"ListItem\",\"position\":1,\"item\":{\"@type\":\"WebPage\",\"@id\":\"https:\/\/quexopa.io\/pt-br\/\",\"url\":\"https:\/\/quexopa.io\/pt-br\/\",\"name\":\"Home\"}},{\"@type\":\"ListItem\",\"position\":2,\"item\":{\"@type\":\"WebPage\",\"@id\":\"https:\/\/quexopa.io\/pt-br\/on-demand-data\/\",\"url\":\"https:\/\/quexopa.io\/pt-br\/on-demand-data\/\",\"name\":\"On Demand Data &#8211; Portuguese\"}}]}]}<\/script>\n<!-- \/ Yoast SEO plugin. -->","_links":{"self":[{"href":"https:\/\/quexopa.io\/pt-br\/wp-json\/wp\/v2\/pages\/3218"}],"collection":[{"href":"https:\/\/quexopa.io\/pt-br\/wp-json\/wp\/v2\/pages"}],"about":[{"href":"https:\/\/quexopa.io\/pt-br\/wp-json\/wp\/v2\/types\/page"}],"author":[{"embeddable":true,"href":"https:\/\/quexopa.io\/pt-br\/wp-json\/wp\/v2\/users\/2"}],"replies":[{"embeddable":true,"href":"https:\/\/quexopa.io\/pt-br\/wp-json\/wp\/v2\/comments?post=3218"}],"version-history":[{"count":4,"href":"https:\/\/quexopa.io\/pt-br\/wp-json\/wp\/v2\/pages\/3218\/revisions"}],"predecessor-version":[{"id":3240,"href":"https:\/\/quexopa.io\/pt-br\/wp-json\/wp\/v2\/pages\/3218\/revisions\/3240"}],"wp:attachment":[{"href":"https:\/\/quexopa.io\/pt-br\/wp-json\/wp\/v2\/media?parent=3218"}],"curies":[{"name":"wp","href":"https:\/\/api.w.org\/{rel}","templated":true}]}}