{"id":3209,"date":"2020-03-04T11:04:23","date_gmt":"2020-03-04T16:04:23","guid":{"rendered":"https:\/\/quexopa.io\/alternative-data\/"},"modified":"2020-04-18T02:32:34","modified_gmt":"2020-04-18T06:32:34","slug":"alternative-data","status":"publish","type":"page","link":"https:\/\/quexopa.io\/pt-br\/alternative-data\/","title":{"rendered":"Alternative Data &#8211; Portuguese"},"content":{"rendered":"<h1>\r\n\t\tDados Alternativos <br>para Mercados Emergentes\r\n\t<\/h1>\r\n\t<p>A QueXopa\u00ae \u00e9 a fornecedora l\u00edder de dados alternativos na Am\u00e9rica Latina. Encontramos, obtemos e agregamos os dados n\u00e3o tradicionais exclusivos que preenchem a lacuna de informa\u00e7\u00f5es nos mercados emergentes.<\/p>\r\n\t\t\t<a href=\"#\" target=\"_self\" role=\"button\" rel=\"noopener noreferrer\">\r\n\t\t\t\t\t\t\tSOLICITAR DADOS PERSONALIZADOS\r\n\t\t\t\t\t<\/a>\r\n\t\t\t\t<img loading=\"lazy\" src=\"https:\/\/quexopa.io\/wp-content\/uploads\/2020\/03\/AlternativeData_Main-1.png\" alt=\"AlternativeData_Main\" itemprop=\"image\" height=\"964\" width=\"1422\" title=\"AlternativeData_Main\" onerror=\"this.style.display='none'\"  \/>\r\n\t\t\t\t<img loading=\"lazy\" src=\"https:\/\/quexopa.io\/wp-content\/uploads\/2020\/03\/AlternativeData_Main-1.png\" alt=\"AlternativeData_Main\" itemprop=\"image\" height=\"964\" width=\"1422\" title=\"AlternativeData_Main\" onerror=\"this.style.display='none'\"  \/>\r\n<h2>\r\n\t\tEncontrando Exatamente o que Voc\u00ea Precisa\r\n\t<\/h2>\r\n\t<p>Somos especializados em coletar, limpar e formatar dados corporativos n\u00e3o utilizados em insights incrivelmente valiosos. As vantagens competitivas dos dados alternativos s\u00e3o ilimitadas.<\/p>\r\n\t\t\t\t<img loading=\"lazy\" src=\"https:\/\/quexopa.io\/wp-content\/uploads\/2019\/07\/4-layers-2.png\" alt=\"4-layers (2)\" itemprop=\"image\" height=\"4\" width=\"150\" title=\"4-layers (2)\" onerror=\"this.style.display='none'\"  \/>\r\n\t\t\t\t<img loading=\"lazy\" src=\"https:\/\/quexopa.io\/wp-content\/uploads\/2020\/03\/Credit_Card_Transactions_Data.png\" alt=\"Credit_Card_Transactions_Data\" itemprop=\"image\" height=\"1199\" width=\"1509\" title=\"Credit_Card_Transactions_Data\" onerror=\"this.style.display='none'\"  \/>\r\n\t\t\t\t<img loading=\"lazy\" src=\"https:\/\/quexopa.io\/wp-content\/uploads\/2020\/03\/Credit_Card_Transactions_Data.png\" alt=\"Credit_Card_Transactions_Data\" itemprop=\"image\" height=\"1199\" width=\"1509\" title=\"Credit_Card_Transactions_Data\" onerror=\"this.style.display='none'\"  \/>\r\n<h2>\r\n\t\tTransa\u00e7\u00f5es com Cart\u00e3o de Cr\u00e9dito \/ D\u00e9bito\r\n\t<\/h2>\r\n\t<ul>\r\n\t\t<li><h4><\/h4 ><p>O acesso a transa\u00e7\u00f5es granulares de cart\u00e3o de cr\u00e9dito cria sinais de negocia\u00e7\u00e3o pr\u00e9-ganhos para a\u00e7\u00f5es, indicadores de participa\u00e7\u00e3o de mercado para varejistas e medi\u00e7\u00e3o din\u00e2mica da economia espec\u00edfica da regi\u00e3o. Atualmente, o conjunto de dados mais popular do setor financeiro, as transa\u00e7\u00f5es com cart\u00e3o de cr\u00e9dito adicionam a m\u00e1xima transpar\u00eancia aos mercados antes de serem oficialmente relatadas.Tire suas d\u00favidas sobre como esses dados podem se integrar aos seus processos atuais de investimento e tomada de decis\u00e3o.<\/p><\/li>\t<\/ul>\r\n\t\t\t<a href=\"#\" target=\"_self\" role=\"button\" rel=\"noopener noreferrer\">\r\n\t\t\t\t\t\t\tSOLICITE MAIS DETALHES\r\n\t\t\t<\/a>\r\n\t\t\t\t<img loading=\"lazy\" src=\"https:\/\/quexopa.io\/wp-content\/uploads\/2020\/03\/MobileSDK.png\" alt=\"MobileSDK\" itemprop=\"image\" height=\"904\" width=\"1528\" title=\"MobileSDK\" onerror=\"this.style.display='none'\"  \/>\r\n<h2>\r\n\t\tDados de Localiza\u00e7\u00e3o M\u00f3vel (.sdk)\r\n\t<\/h2>\r\n\t<ul>\r\n\t\t<li><h4><\/h4 ><p>O QueXopa oferece um conjunto exclusivo de dados agregados de localiza\u00e7\u00e3o m\u00f3vel global. Com milh\u00f5es de DAU de alta frequ\u00eancia &#8211; os clientes t\u00eam acessibilidade rara para rastrear a atividade m\u00f3vel em um amplo espectro de casos de uso. Obtenha informa\u00e7\u00f5es vitais sobre o seu p\u00fablico. Avalie o impacto de iniciativas e campanhas. Segmente geograficamente os dispositivos de segmenta\u00e7\u00e3o direta e visualize o rastreamento em at\u00e9 2 anos de atividade hist\u00f3rica.O pareamento de conjuntos de dados de localiza\u00e7\u00e3o m\u00f3vel com outros dados externos cria vantagens de intelig\u00eancia em escala global.<\/p><\/li>\t<\/ul>\r\n\t\t\t<a href=\"#\" target=\"_self\" role=\"button\" rel=\"noopener noreferrer\">\r\n\t\t\t\t\t\t\tSOLICITE MAIS DETALHES\r\n\t\t\t<\/a>\r\n\t\t\t\t<img loading=\"lazy\" src=\"https:\/\/quexopa.io\/wp-content\/uploads\/2020\/03\/MobileSDK.png\" alt=\"MobileSDK\" itemprop=\"image\" height=\"904\" width=\"1528\" title=\"MobileSDK\" onerror=\"this.style.display='none'\"  \/>\r\n\t\t\t\t<img loading=\"lazy\" src=\"https:\/\/quexopa.io\/wp-content\/uploads\/2020\/03\/DataMonetization_Main-1.png\" alt=\"DataMonetization_Main\" itemprop=\"image\" height=\"1162\" width=\"1149\" title=\"DataMonetization_Main\" onerror=\"this.style.display='none'\"  \/>\r\n\t\t\t\t<img loading=\"lazy\" src=\"https:\/\/quexopa.io\/wp-content\/uploads\/2020\/03\/DataMonetization_Main-1.png\" alt=\"DataMonetization_Main\" itemprop=\"image\" height=\"1162\" width=\"1149\" title=\"DataMonetization_Main\" onerror=\"this.style.display='none'\"  \/>\r\n<h2>\r\n\t\tMonitoramento de P\u00e1gina On-Line\r\n\t<\/h2>\r\n\t<ul>\r\n\t\t<li><h4><\/h4 ><p>Os Dados como servi\u00e7o da QueXopa convertem sites de texto, imagens e pre\u00e7os em dados acion\u00e1veis \u200b\u200bestruturados \u00fateis. A web oferece uma oportunidade sem precedentes para uma riqueza de informa\u00e7\u00f5es para prever tend\u00eancias do setor e tomar decis\u00f5es de investimento mais informadas.Acompanhe os estoques, realize auditorias no site ou monitore as marcas concorrentes com nossos servi\u00e7os de raspagem da Web de n\u00edvel empresarial totalmente gerenciados. Vamos discutir suas necessidades de dados da web. O QueXopa oferece uma solu\u00e7\u00e3o simples e segura com dados da web.<\/p><\/li>\t<\/ul>\r\n\t\t\t<a href=\"#\" target=\"_self\" role=\"button\" rel=\"noopener noreferrer\">\r\n\t\t\t\t\t\t\tSOLICITE MAIS DETALHES\r\n\t\t\t<\/a>\r\n\t\t\t\t<img loading=\"lazy\" src=\"https:\/\/quexopa.io\/wp-content\/uploads\/2020\/03\/Maritime_Port.png\" alt=\"Maritime_Port\" itemprop=\"image\" height=\"1640\" width=\"2460\" title=\"Maritime_Port\" onerror=\"this.style.display='none'\"  \/>\r\n<h2>\r\n\t\tDados Mar\u00edtimos + Portu\u00e1rios\r\n\t<\/h2>\r\n\t<ul>\r\n\t\t<li><h4><\/h4 ><p>A QueXopa est\u00e1 estabelecendo ativamente parcerias na regi\u00e3o para proteger fontes de dados mar\u00edtimos exclusivos de portos e passagens da Am\u00e9rica Latina. Nossa miss\u00e3o \u00e9 uma combina\u00e7\u00e3o de aumentar a velocidade (lag) de quando os dados chegam aos mercados e expandir a granularidade de cada evento gravado.Abastecemos o mercado com intelig\u00eancia de dados para tomadores de decis\u00e3o em um amplo espectro da ind\u00fastria e do governo. Dados din\u00e2micos que fornecem solu\u00e7\u00f5es de transpar\u00eancia para mercados de commodities, varejo, operadores de remessa e servi\u00e7os financeiros.<\/p><\/li>\t<\/ul>\r\n\t\t\t<a href=\"#\" target=\"_self\" role=\"button\" rel=\"noopener noreferrer\">\r\n\t\t\t\t\t\t\tSOLICITE MAIS DETALHES\r\n\t\t\t<\/a>\r\n\t\t\t\t<img loading=\"lazy\" src=\"https:\/\/quexopa.io\/wp-content\/uploads\/2020\/03\/Maritime_Port.png\" alt=\"Maritime_Port\" itemprop=\"image\" height=\"1640\" width=\"2460\" title=\"Maritime_Port\" onerror=\"this.style.display='none'\"  \/>\r\n<h3>\r\n\t\tServi\u00e7os de Consultoria\r\n\t<\/h3>\r\n\t<p>A QueXopa oferece nossa experi\u00eancia em dados alternativos em mercados emergentes na forma de servi\u00e7os de consultoria. Da Venture Capital procurando o pr\u00f3ximo unic\u00f3rnio. Private Equity buscando as metas perfeitas de aquisi\u00e7\u00e3o ou Hedge Funds para os governos, sendo informados sobre quais conjuntos de dados valiosos est\u00e3o dispon\u00edveis no momento. Basta perguntar-nos como podemos alimentar o seu neg\u00f3cio.<\/p>\r\n\t\t\t<a href=\"#\" target=\"_self\" role=\"button\" rel=\"noopener noreferrer\">\r\n\t\t\t\t\t\t\tDiga-nos o que Voc\u00ea est\u00e1 Procurando\r\n\t\t\t<\/a>\r\n\t\t\t\t<img loading=\"lazy\" src=\"https:\/\/quexopa.io\/wp-content\/uploads\/2020\/03\/Advise-1.png\" alt=\"Advise\" itemprop=\"image\" height=\"1194\" width=\"1098\" title=\"Advise\" onerror=\"this.style.display='none'\"  \/>\r\n\t\t\t\t<img loading=\"lazy\" src=\"https:\/\/quexopa.io\/wp-content\/uploads\/2020\/03\/Advise-1.png\" alt=\"Advise\" itemprop=\"image\" height=\"1194\" width=\"1098\" title=\"Advise\" onerror=\"this.style.display='none'\"  \/>\r\n<h3>\r\n\t\tServi\u00e7os de Consultoria\r\n\t<\/h3>\r\n\t<p>A QueXopa oferece nossa experi\u00eancia em dados alternativos em mercados emergentes na forma de servi\u00e7os de consultoria. Da Venture Capital procurando o pr\u00f3ximo unic\u00f3rnio. Private Equity buscando as metas perfeitas de aquisi\u00e7\u00e3o ou Hedge Funds para os governos, sendo informados sobre quais conjuntos de dados valiosos est\u00e3o dispon\u00edveis no momento. Basta perguntar-nos como podemos alimentar o seu neg\u00f3cio.<\/p>\r\n\t\t\t<a href=\"#\" target=\"_self\" role=\"button\" rel=\"noopener noreferrer\">\r\n\t\t\t\t\t\t\tDiga-nos o que Voc\u00ea est\u00e1 Procurando\r\n\t\t\t<\/a>\r\n","protected":false},"excerpt":{"rendered":"<p>Dados Alternativos para Mercados Emergentes A QueXopa\u00ae \u00e9 a fornecedora l\u00edder de dados alternativos na Am\u00e9rica Latina. Encontramos, obtemos e agregamos os dados n\u00e3o tradicionais exclusivos que preenchem a lacuna de informa\u00e7\u00f5es nos mercados emergentes. SOLICITAR DADOS PERSONALIZADOS Encontrando Exatamente o que Voc\u00ea Precisa Somos especializados em coletar, limpar e formatar dados corporativos n\u00e3o utilizados &hellip;<\/p>\n<p class=\"read-more\"> <a class=\"\" href=\"https:\/\/quexopa.io\/pt-br\/alternative-data\/\"> <span class=\"screen-reader-text\">Alternative Data &#8211; Portuguese<\/span> Leia mais \u00bb<\/a><\/p>\n","protected":false},"author":2,"featured_media":0,"parent":0,"menu_order":0,"comment_status":"closed","ping_status":"closed","template":"","meta":[],"yoast_head":"<!-- This site is optimized with the Yoast SEO plugin v15.8 - https:\/\/yoast.com\/wordpress\/plugins\/seo\/ -->\n<title>QueXopa\u00ae | Latin American Data &amp; Insights<\/title>\n<meta name=\"description\" content=\"QueXopa\u00ae is a consumer pricing alternative data service provider that provides reliable, high-quality, and precise data on demand for 18 countries in Latin America.\" \/>\n<meta name=\"robots\" content=\"index, follow, max-snippet:-1, max-image-preview:large, max-video-preview:-1\" \/>\n<link rel=\"canonical\" href=\"https:\/\/quexopa.io\/pt-br\/alternative-data\/\" \/>\n<meta property=\"og:locale\" content=\"pt_BR\" \/>\n<meta property=\"og:type\" content=\"article\" \/>\n<meta property=\"og:title\" content=\"QueXopa\u00ae | Latin American Data &amp; Insights\" \/>\n<meta property=\"og:description\" content=\"QueXopa\u00ae is a consumer pricing alternative data service provider that provides reliable, high-quality, and precise data on demand for 18 countries in Latin America.\" \/>\n<meta property=\"og:url\" content=\"https:\/\/quexopa.io\/pt-br\/alternative-data\/\" \/>\n<meta property=\"og:site_name\" content=\"QueXopa\u00ae | Latin American Insights\" \/>\n<meta property=\"article:modified_time\" content=\"2020-04-18T06:32:34+00:00\" \/>\n<meta property=\"og:image\" content=\"https:\/\/quexopa.io\/wp-content\/uploads\/2020\/03\/AlternativeData_Main-1.png\" \/>\n<meta name=\"twitter:card\" content=\"summary_large_image\" \/>\n<meta name=\"twitter:site\" content=\"@quexopadata\" \/>\n<meta name=\"twitter:label1\" content=\"Est. reading time\">\n\t<meta name=\"twitter:data1\" content=\"3 minutos\">\n<script type=\"application\/ld+json\" class=\"yoast-schema-graph\">{\"@context\":\"https:\/\/schema.org\",\"@graph\":[{\"@type\":\"Organization\",\"@id\":\"https:\/\/quexopa.io\/#organization\",\"name\":\"QueXopa\",\"url\":\"https:\/\/quexopa.io\/\",\"sameAs\":[\"http:\/\/@quexopadata\",\"https:\/\/twitter.com\/quexopadata\"],\"logo\":{\"@type\":\"ImageObject\",\"@id\":\"https:\/\/quexopa.io\/#logo\",\"inLanguage\":\"pt-BR\",\"url\":\"https:\/\/quexopa.io\/wp-content\/uploads\/2018\/03\/QuexopaLogo_2.svg\",\"width\":468,\"height\":135,\"caption\":\"QueXopa\"},\"image\":{\"@id\":\"https:\/\/quexopa.io\/#logo\"}},{\"@type\":\"WebSite\",\"@id\":\"https:\/\/quexopa.io\/#website\",\"url\":\"https:\/\/quexopa.io\/\",\"name\":\"QueXopa\\u00ae | Latin American Insights\",\"description\":\"Alternative Data for Emerging Markets\",\"publisher\":{\"@id\":\"https:\/\/quexopa.io\/#organization\"},\"potentialAction\":[{\"@type\":\"SearchAction\",\"target\":\"https:\/\/quexopa.io\/?s={search_term_string}\",\"query-input\":\"required name=search_term_string\"}],\"inLanguage\":\"pt-BR\"},{\"@type\":\"ImageObject\",\"@id\":\"https:\/\/quexopa.io\/pt-br\/alternative-data\/#primaryimage\",\"inLanguage\":\"pt-BR\",\"url\":\"https:\/\/quexopa.io\/wp-content\/uploads\/2020\/03\/AlternativeData_Main-1.png\",\"width\":1422,\"height\":964},{\"@type\":\"WebPage\",\"@id\":\"https:\/\/quexopa.io\/pt-br\/alternative-data\/#webpage\",\"url\":\"https:\/\/quexopa.io\/pt-br\/alternative-data\/\",\"name\":\"QueXopa\\u00ae | Latin American Data & Insights\",\"isPartOf\":{\"@id\":\"https:\/\/quexopa.io\/#website\"},\"primaryImageOfPage\":{\"@id\":\"https:\/\/quexopa.io\/pt-br\/alternative-data\/#primaryimage\"},\"datePublished\":\"2020-03-04T16:04:23+00:00\",\"dateModified\":\"2020-04-18T06:32:34+00:00\",\"description\":\"QueXopa\\u00ae is a consumer pricing alternative data service provider that provides reliable, high-quality, and precise data on demand for 18 countries in Latin America.\",\"breadcrumb\":{\"@id\":\"https:\/\/quexopa.io\/pt-br\/alternative-data\/#breadcrumb\"},\"inLanguage\":\"pt-BR\",\"potentialAction\":[{\"@type\":\"ReadAction\",\"target\":[\"https:\/\/quexopa.io\/pt-br\/alternative-data\/\"]}]},{\"@type\":\"BreadcrumbList\",\"@id\":\"https:\/\/quexopa.io\/pt-br\/alternative-data\/#breadcrumb\",\"itemListElement\":[{\"@type\":\"ListItem\",\"position\":1,\"item\":{\"@type\":\"WebPage\",\"@id\":\"https:\/\/quexopa.io\/pt-br\/\",\"url\":\"https:\/\/quexopa.io\/pt-br\/\",\"name\":\"Home\"}},{\"@type\":\"ListItem\",\"position\":2,\"item\":{\"@type\":\"WebPage\",\"@id\":\"https:\/\/quexopa.io\/pt-br\/alternative-data\/\",\"url\":\"https:\/\/quexopa.io\/pt-br\/alternative-data\/\",\"name\":\"Alternative Data &#8211; Portuguese\"}}]}]}<\/script>\n<!-- \/ Yoast SEO plugin. -->","_links":{"self":[{"href":"https:\/\/quexopa.io\/pt-br\/wp-json\/wp\/v2\/pages\/3209"}],"collection":[{"href":"https:\/\/quexopa.io\/pt-br\/wp-json\/wp\/v2\/pages"}],"about":[{"href":"https:\/\/quexopa.io\/pt-br\/wp-json\/wp\/v2\/types\/page"}],"author":[{"embeddable":true,"href":"https:\/\/quexopa.io\/pt-br\/wp-json\/wp\/v2\/users\/2"}],"replies":[{"embeddable":true,"href":"https:\/\/quexopa.io\/pt-br\/wp-json\/wp\/v2\/comments?post=3209"}],"version-history":[{"count":4,"href":"https:\/\/quexopa.io\/pt-br\/wp-json\/wp\/v2\/pages\/3209\/revisions"}],"predecessor-version":[{"id":3239,"href":"https:\/\/quexopa.io\/pt-br\/wp-json\/wp\/v2\/pages\/3209\/revisions\/3239"}],"wp:attachment":[{"href":"https:\/\/quexopa.io\/pt-br\/wp-json\/wp\/v2\/media?parent=3209"}],"curies":[{"name":"wp","href":"https:\/\/api.w.org\/{rel}","templated":true}]}}