{"id":3195,"date":"2020-04-17T21:46:57","date_gmt":"2020-04-18T01:46:57","guid":{"rendered":"https:\/\/quexopa.io\/?page_id=3195"},"modified":"2020-06-21T11:54:41","modified_gmt":"2020-06-21T15:54:41","slug":"home","status":"publish","type":"page","link":"https:\/\/quexopa.io\/pt-br\/","title":{"rendered":"Home Portuguese"},"content":{"rendered":"<h1>\n\t\tEncontrar dados relevantes na Am\u00e9rica Latina n\u00e3o \u00e9 mais um desafio.\n\t<\/h1>\n\t<p>QueXopa\u00ae \u00e9 um provedor de dados alternativos que encontra, origina e agrega os dados que alimentam os tomadores de decis\u00e3o em todas as \u00e1reas do governo, finan\u00e7as e ind\u00fastria para obter informa\u00e7\u00f5es precisas sobre a Am\u00e9rica Latina.<\/p>\n\t\t\t<a href=\"\/pt-br\/alternative-data\/\" target=\"_self\" rel=\"noopener noreferrer\">\n\t\t\t\t\t\t\t\tEXPLORE DATASETS\n\t\t\t\t\t\t\t<\/a>\n\t\t\t<a href=\"#home-delivery-section\" target=\"_self\" rel=\"noopener noreferrer\">\n\t\t\t\t\t\t\t\tSERVI\u00c7OS\n\t\t\t\t\t\t\t<\/a>\n\t\t\t\t<img loading=\"lazy\" src=\"https:\/\/quexopa.io\/wp-content\/uploads\/2019\/11\/QueXopa_Header_Data_Collection.svg\" alt=\"QueXopa_Header_Data_Collection\" itemprop=\"image\" height=\"1205\" width=\"1758\" height=\"150\" width=\"150\" height=\"300\" width=\"300\" height=\"1024\" width=\"1024\" height=\"0\" width=\"768\" height=\"24\" width=\"24\" height=\"36\" width=\"36\" height=\"48\" width=\"48\" title=\"QueXopa_Header_Data_Collection\" onerror=\"this.style.display='none'\"  \/>\n\t\t\t\t<img loading=\"lazy\" src=\"https:\/\/quexopa.io\/wp-content\/uploads\/2019\/11\/QueXopa_Header_Data_Collection.svg\" alt=\"QueXopa_Header_Data_Collection\" itemprop=\"image\" height=\"1205\" width=\"1758\" height=\"150\" width=\"150\" height=\"300\" width=\"300\" height=\"1024\" width=\"1024\" height=\"0\" width=\"768\" height=\"24\" width=\"24\" height=\"36\" width=\"36\" height=\"48\" width=\"48\" title=\"QueXopa_Header_Data_Collection\" onerror=\"this.style.display='none'\"  \/>\n\t\t\t<a href=\"#\" target=\"_self\" role=\"button\" rel=\"noopener noreferrer\">\n\t\t\t\t\t\t\tAcelere suas id\u00e9ias\n\t\t\t\t\t<\/a>\n<h2>\n\t\tQueXopa pesquisa, monitora e coleta os dados que alimentam a intelig\u00eancia comercial\n\t<\/h2>\n\t\t\t\t<img loading=\"lazy\" src=\"https:\/\/quexopa.io\/wp-content\/uploads\/2019\/07\/4-layers-2.png\" alt=\"4-layers (2)\" itemprop=\"image\" height=\"4\" width=\"150\" title=\"4-layers (2)\" onerror=\"this.style.display='none'\"  \/>\n\t<p>Nossos clientes confiam em dados latino-americanos leg\u00edtimos, de alta qualidade, precisos e transparentes para obter uma perspectiva precisa e tomar decis\u00f5es impactantes.<\/p>\n\t\t\t\t<img src=\"https:\/\/quexopa.io\/wp-content\/uploads\/2019\/08\/Shape_Copy_2.svg\" alt=\"Shape_Copy_2\" itemprop=\"image\"\/>\n\t\t<h4>Acesso a Novos Mercados<\/h4>\t\t\t\n\t\t\t\t<p>Obtenha acesso atrav\u00e9s de nossos dados acion\u00e1veis \u200b\u200ba mercados latino-americanos complexos de maneiras nunca antes poss\u00edveis<\/p>\n\t\t\t\t<img src=\"https:\/\/quexopa.io\/wp-content\/uploads\/2019\/08\/Shape.svg\" alt=\"Shape\" itemprop=\"image\"\/>\n\t\t<h4>Eliminar barreiras \u00e0 entrada<\/h4>\t\t\t\n\t\t\t\t<p>Dados precisamente refinados que respondem por diferen\u00e7as de idioma, cultura, padr\u00f5es e moeda<\/p>\n\t\t\t\t<img src=\"https:\/\/quexopa.io\/wp-content\/uploads\/2019\/08\/3-layers.svg\" alt=\"3-layers\" itemprop=\"image\"\/>\n\t\t<h4>Medir a atividade econ\u00f4mica<\/h4>\t\t\t\n\t\t\t\t<p>Monitore com precis\u00e3o a atividade macroecon\u00f4mica do seu mercado-alvo ou fa\u00e7a compara\u00e7\u00f5es com outras regi\u00f5es globais<\/p>\n\t\t\t\t<img loading=\"lazy\" src=\"https:\/\/quexopa.io\/wp-content\/uploads\/2020\/03\/AlternativeData-2.png\" alt=\"AlternativeData\" itemprop=\"image\" height=\"1176\" width=\"1634\" title=\"AlternativeData\" onerror=\"this.style.display='none'\"  \/>\n\t\t\t\t<img loading=\"lazy\" src=\"https:\/\/quexopa.io\/wp-content\/uploads\/2020\/03\/AlternativeData-2.png\" alt=\"AlternativeData\" itemprop=\"image\" height=\"1176\" width=\"1634\" title=\"AlternativeData\" onerror=\"this.style.display='none'\"  \/>\n\t\t\t<a href=\"#\" target=\"_self\" role=\"button\" rel=\"noopener noreferrer\">\n\t\t\t\t\t\t\tConjuntos de dados exclusivos\n\t\t\t\t\t<\/a>\n<h2>\n\t\tDados alternativos para<br>Mercados Emergentes\n\t<\/h2>\n\t<ul>\n\t\t<li><h4><\/h4 ><p>QueXopa\u00ae \u00e9 a fonte \u00fanica de dados alternativos da Am\u00e9rica Latina.\u00a0Acesse nossos conjuntos de dados inexplorados exclusivos que criam uma vantagem competitiva para investidores, fundos de hedge, analista de mercado, varejistas e empresas.\u00a0Fornecemos dados limpos e estruturados, criados para funcionar sem problemas em qualquer modelagem.Expandimos as ofertas para mercados emergentes com dados exclusivos que podem ser encontrados apenas no QueXopa.<\/p><\/li>\t<\/ul>\n\t\t\t<a href=\"\/pt-br\/alternative-data\/\" target=\"_self\" role=\"button\" rel=\"noopener noreferrer\">\n\t\t\t\t\t\t\tEXPLORE NOSSOS DADOS\n\t\t\t<\/a>\n\t\t\t\t<img loading=\"lazy\" src=\"https:\/\/quexopa.io\/wp-content\/uploads\/2020\/03\/OnDemandHome-1.png\" alt=\"OnDemandHome\" itemprop=\"image\" height=\"1341\" width=\"1468\" title=\"OnDemandHome\" onerror=\"this.style.display='none'\"  \/>\n\t\t\t<a href=\"#\" target=\"_self\" role=\"button\" rel=\"noopener noreferrer\">\n\t\t\t\t\t\t\tCompre recursos secund\u00e1rios\n\t\t\t\t\t<\/a>\n<h2>\n\t\tDados sob Demanda\n\t<\/h2>\n\t<ul>\n\t\t<li><h4><font color=\"#169587\">Se est\u00e1 na Am\u00e9rica Latina, n\u00f3s encontramos!<\/font><\/h4 ><p>QueXopa usa uma abordagem propriet\u00e1ria para encontrar dados n\u00e3o descobertos de editores n\u00e3o tradicionais. N\u00f3s adquirimos o &#8220;escape de dados&#8221; das empresas parceiras da Am\u00e9rica Latina, que s\u00e3o vitais para a intelig\u00eancia comercial de nossos clientes do lado da compra.\u00a0<\/li><li><h4>Trabalhamos com:<\/h4 >\u2022 Investidores institucionais<br \/>\u2022 Empresas da Fortune 500<br \/>\u2022 Capital de risco \/ participa\u00e7\u00f5es privadas<br \/>\u2022 Marcas globais<\/p><\/li>\t<\/ul>\n\t<ul>\n\t\t<li><h4><font color=\"#169587\">Se est\u00e1 na Am\u00e9rica Latina, n\u00f3s encontramos!<\/font><\/h4 ><p>QueXopa usa uma abordagem propriet\u00e1ria para encontrar dados n\u00e3o descobertos de editores n\u00e3o tradicionais. N\u00f3s adquirimos o &#8220;escape de dados&#8221; das empresas parceiras da Am\u00e9rica Latina, que s\u00e3o vitais para a intelig\u00eancia comercial de nossos clientes do lado da compra.\u00a0<\/li><li><h4>Trabalhamos Com:<\/h4 >\u2022 Investidores institucionais<br \/>\u2022 Empresas da Fortune 500<br \/>\u2022 Capital de risco \/ participa\u00e7\u00f5es privadas<br \/>\u2022 Marcas globais<\/p><\/li>\t<\/ul>\n\t\t\t<a href=\"\/pt-br\/on-demand-data\/\" target=\"_self\" role=\"button\" rel=\"noopener noreferrer\">\n\t\t\t\t\t\t\tSABER MAIS\n\t\t\t<\/a>\n\t\t\t\t<img loading=\"lazy\" src=\"https:\/\/quexopa.io\/wp-content\/uploads\/2020\/03\/OnDemandHome-1.png\" alt=\"OnDemandHome\" itemprop=\"image\" height=\"1341\" width=\"1468\" title=\"OnDemandHome\" onerror=\"this.style.display='none'\"  \/>\n\t\t\t\t<img loading=\"lazy\" src=\"https:\/\/quexopa.io\/wp-content\/uploads\/2020\/03\/DataMonetization-1.png\" alt=\"DataMonetization\" itemprop=\"image\" height=\"1311\" width=\"1186\" title=\"DataMonetization\" onerror=\"this.style.display='none'\"  \/>\n\t\t\t<a href=\"#\" target=\"_self\" role=\"button\" rel=\"noopener noreferrer\">\n\t\t\t\t\t\t\t Criando valor a partir do escape de dados\n\t\t\t\t\t<\/a>\n<h2>\n\t\tEstrat\u00e9gia de Monetiza\u00e7\u00e3o<br>de Dados\n\t<\/h2>\n\t<ul>\n\t\t<li><h4><\/h4 ><p>99% dos dados criados pelas atividades comerciais di\u00e1rias normais n\u00e3o possuem valor para as empresas que os geram.\u00a0No entanto, esse &#8220;exaust\u00e3o de dados&#8221; pode ser utilizado para produzir novas vantagens competitivas para outras empresas em v\u00e1rios setores.\u00a0Criamos eventos monetiz\u00e1veis \u200b\u200bpara nossos parceiros, desenvolvendo uma estrat\u00e9gia que otimiza os dados operacionais, mantendo a privacidade dos parceiros e de seus usu\u00e1rios.\u00a0\u00a0<\/li><li><h4>Empresas que Aconselhamos:<\/h4 ><ul><li>In\u00edcio da Fase Inicial<\/li><li>Servi\u00e7os Financeiros<\/li><li>Seguradoras<\/li><li>Setor Imobili\u00e1rio<\/li><\/ul><ul><li>Aplica\u00e7\u00f5es M\u00f3veis<\/li><li>Grandes Varejistas<\/li><li>Fintechs<\/li><li>Ind\u00fastria Mar\u00edtima<\/li><\/ul>\u00a0<\/p><\/li>\t<\/ul>\n\t<ul>\n\t\t<li><h4><\/h4 ><p>99% dos dados criados pelas atividades comerciais di\u00e1rias normais n\u00e3o possuem valor para as empresas que os geram.\u00a0No entanto, esse &#8220;exaust\u00e3o de dados&#8221; pode ser utilizado para produzir novas vantagens competitivas para outras empresas em v\u00e1rios setores.\u00a0Criamos eventos monetiz\u00e1veis \u200b\u200bpara nossos parceiros, desenvolvendo uma estrat\u00e9gia que otimiza os dados operacionais, mantendo a privacidade dos parceiros e de seus usu\u00e1rios.\u00a0\u00a0<\/li><li><h4>Empresas que Aconselhamos:<\/h4 >\u2022 In\u00edcio da Fase Inicial<br \/>\u2022 Servi\u00e7os Financeiros<br \/>\u2022 Seguradoras<br \/>\u2022 Setor Imobili\u00e1rio<br \/>\u2022 Aplica\u00e7\u00f5es M\u00f3veis<br \/>\u2022 Grandes Varejistas<br \/>\u2022 Fintechs<br \/>\u2022 Ind\u00fastria Mar\u00edtima<\/p><\/li>\t<\/ul>\n\t\t\t<a href=\"\/pt-br\/data-monetization-strategy\/\" target=\"_self\" role=\"button\" rel=\"noopener noreferrer\">\n\t\t\t\t\t\t\tVEJA DETALHES\n\t\t\t<\/a>\n<h2>\n\t\tMaximizar Tempo e Recursos\n\t<\/h2>\n\t<p>Os custos associados \u00e0s coletas de dados internas podem ser oportunos, caros e ineficientes.<\/p>\n\t\t\t\t<img loading=\"lazy\" src=\"https:\/\/quexopa.io\/wp-content\/uploads\/2019\/07\/5-layers-1.png\" alt=\"5-layers (1)\" itemprop=\"image\" height=\"4\" width=\"120\" title=\"5-layers (1)\" onerror=\"this.style.display='none'\"  \/>\n\t\t\t\t<img src=\"https:\/\/quexopa.io\/wp-content\/uploads\/2019\/09\/StopWatch.svg\" alt=\"StopWatch\" itemprop=\"image\"\/>\n\t\t<h4>Terceiriza\u00e7\u00e3o vs Interna<\/h4>\t\t\t\n\t\t\t\t<p>Uma redu\u00e7\u00e3o de 91% no tempo de coleta de dados de fornecimento, em vez de usar recursos e pessoal interno.<\/p>\n\t\t\t\t<img src=\"https:\/\/quexopa.io\/wp-content\/uploads\/2019\/09\/DesktopData.svg\" alt=\"DesktopData\" itemprop=\"image\"\/>\n\t\t<h4>Custos de Coleta de Dados<\/h4>\t\t\t\n\t\t\t\t<p>Analista de dados, cientistas, pesquisadores, limpeza e conformidade tornam as cole\u00e7\u00f5es ineficientes.<\/p>\n\u00a0\n\t\t\t\t<img src=\"https:\/\/quexopa.io\/wp-content\/uploads\/2019\/09\/Laptop.svg\" alt=\"Laptop\" itemprop=\"image\"\/>\n\t\t<h4>*$142.153 USD<\/h4>\t\t\t\n\t\t\t\t<p>Sal\u00e1rio m\u00e9dio de um Data Scientist experiente nos Estados Unidos em 2019 <a href=\"https:\/\/www.glassdoor.com\/Salaries\/senior-data-scientist-salary-SRCH_KO0,21.htm\" target=\"_blank\" rel=\"noopener noreferrer\"><u>\u201cGlassdoor April 2019\u201d<\/u><\/a><\/p>\n<h2>\n\t\tFrequently Asked Questions\n\t<\/h2>\n\t\t\t\t\t\t<h4>What types of services does QueXopa provide?<\/h4>\n\t\t\t<p><strong>QueXopa\u00ae currently offers three (3) unique service offerings:\u00a0<\/strong><\/p>\n<ol>\n<li><a href=\"https:\/\/quexopa.io\/data-sets\/\">Alternative Data for Emerging Markets<\/a><\/li>\n<li><a href=\"https:\/\/quexopa.io\/on-demand-marketplace-data\/\">On-Demand Marketplace Data<\/a><\/li>\n<li><a href=\"https:\/\/quexopa.io\/cpm\/\">Data Monetization<\/a><\/li>\n<\/ol>\n<p>\u00a0<br \/><b>Alternative Data for Emerging Markets<\/b><\/p>\n<p>QueXopa uses a proprietary approach to meticulously track everything from real estate listings, consumer prices to growth indicators for publicly traded companies while removing the inaccuracies due to historical unreliability, political corruption, lack of data infrastructure, and oversight. QueXopa removes the responsibilities of maintenance by managing your data and keeping it up to date so that you can truly gain insight and maintain your advantage.<br \/><b><\/b><\/p>\n<p><strong><br \/>On-Demand Marketplace Data<\/strong><\/p>\n<p>On Demand Marketplace Data allows the client to tailor a data collection to exactly their needs. We source the \u201cdata exhaust\u201d from LatAm partner companies that are vital to the business analysis and predictive models for our clients<\/p>\n<p><strong>Customizable packages can include:<\/strong><\/p>\n<ul>\n<li>Credit\/Debit Card transactions<\/li>\n<li>Mobile location data (SDK)<\/li>\n<li>Digital Receipts (email)<\/li>\n<li>Real Estate Listings<\/li>\n<li>Consumer Pricing<\/li>\n<li>Polling Data<\/li>\n<li>Web Scraped Data<\/li>\n<li>Social Media Metrics<\/li>\n<\/ul>\n<p>The value of having instant On Demand data is necessary to form helpful insights. QueXopa can find the Latin American data that you need to exact reliable information and make better decisions for your business, government, or institution.<\/p>\n<p><b><br \/>Latin America Price Monitor<\/b><\/p>\n<p>The \u201cQueXopa LatAm Price Monitor\u201d is a modern approach to the global standard economic indicator Consumer Pricing Monitor (CPM), which is appropriately suited for the present-day economy. The Price Monitor maintains accurate pricing data on luxury goods, digital services, technology, fashion, food, personal care, baby products, travel, medical, and selected services to provide clients with real-time information from which to measure and benchmark economic activity in your target markets.<\/p>\n\t\t\t\t\t\t<h4>How do we work with Governments and Private Sectors?<\/h4>\n\t\t\t<p>QueXopa\u00ae provides government clientele various forms of economic growth data sets on Latin American countries on scale with nations in the region and globally.\u00a0<\/p>\n<p>Our Data Sets are structured and kept up to date with relevant, modernized data\u00a0 collections that can meet the information needs of governments, organizations and institutions.<\/p>\n<p>We have extensive experience in Alternative Data in emerging markets with clients ranging from Hedge Funds, Investment Banks and Private Equity Firms to Fortune 500&#8217;s and Government Central Banks.\u00a0<\/p>\n\t\t\t\t\t\t<h4> Can you help my business to monetize our data?<\/h4>\n\t\t\t<p>Yes, we have various ways to help businesses to develop revenue streams from the data created from their daily operations. The types of data that there is a robust market for but not limited to are:<\/p>\n<ul>\n<li>Credit Card transactions<\/li>\n<li>Mobile Location Data (.SDK)<\/li>\n<li>Digital Receipts (email)<\/li>\n<li>Real Estate Listings<\/li>\n<li>Consumer Pricing<\/li>\n<li>Polling Data<\/li>\n<li>Web Scraped Data<\/li>\n<li>Social Media Metrics<\/li>\n<\/ul>\n<p>To learn more details please\u00a0please <a href=\"http:\/\/bit.ly\/2k7vUP9\" target=\"_blank\" rel=\"noopener noreferrer\">fill out this form<\/a><\/p>\n\t\t\t\t\t\t<h4>How do I get started with QueXopa?<\/h4>\n\t\t\t<p>It\u2019s really easy to get in touch with us! Simply <a href=\"#\" data-fancybox=\"\" data-src=\"#modal\">fill out our form<\/a> and we will return your request quickly and with a plan to arrange a call.<\/p>\n","protected":false},"excerpt":{"rendered":"<p>Encontrar dados relevantes na Am\u00e9rica Latina n\u00e3o \u00e9 mais um desafio. QueXopa\u00ae \u00e9 um provedor de dados alternativos que encontra, origina e agrega os dados que alimentam os tomadores de decis\u00e3o em todas as \u00e1reas do governo, finan\u00e7as e ind\u00fastria para obter informa\u00e7\u00f5es precisas sobre a Am\u00e9rica Latina. EXPLORE DATASETS SERVI\u00c7OS Acelere suas id\u00e9ias QueXopa &hellip;<\/p>\n<p class=\"read-more\"> <a class=\"\" href=\"https:\/\/quexopa.io\/pt-br\/\"> <span class=\"screen-reader-text\">Home Portuguese<\/span> Leia mais \u00bb<\/a><\/p>\n","protected":false},"author":2,"featured_media":0,"parent":0,"menu_order":0,"comment_status":"closed","ping_status":"closed","template":"","meta":[],"yoast_head":"<!-- This site is optimized with the Yoast SEO plugin v15.8 - https:\/\/yoast.com\/wordpress\/plugins\/seo\/ -->\n<title>Home Portuguese | QueXopa\u00ae | Latin American Insights<\/title>\n<meta name=\"robots\" content=\"index, follow, max-snippet:-1, max-image-preview:large, max-video-preview:-1\" \/>\n<link rel=\"canonical\" href=\"https:\/\/quexopa.io\/pt-br\/\" \/>\n<meta property=\"og:locale\" content=\"pt_BR\" \/>\n<meta property=\"og:type\" content=\"article\" \/>\n<meta property=\"og:title\" content=\"Home Portuguese | QueXopa\u00ae | Latin American Insights\" \/>\n<meta property=\"og:description\" content=\"Encontrar dados relevantes na Am\u00e9rica Latina n\u00e3o \u00e9 mais um desafio. QueXopa\u00ae \u00e9 um provedor de dados alternativos que encontra, origina e agrega os dados que alimentam os tomadores de decis\u00e3o em todas as \u00e1reas do governo, finan\u00e7as e ind\u00fastria para obter informa\u00e7\u00f5es precisas sobre a Am\u00e9rica Latina. EXPLORE DATASETS SERVI\u00c7OS Acelere suas id\u00e9ias QueXopa &hellip; Home Portuguese Leia mais \u00bb\" \/>\n<meta property=\"og:url\" content=\"https:\/\/quexopa.io\/pt-br\/\" \/>\n<meta property=\"og:site_name\" content=\"QueXopa\u00ae | Latin American Insights\" \/>\n<meta property=\"article:modified_time\" content=\"2020-06-21T15:54:41+00:00\" \/>\n<meta property=\"og:image\" content=\"https:\/\/quexopa.io\/wp-content\/uploads\/2019\/11\/QueXopa_Header_Data_Collection.svg\" \/>\n<meta name=\"twitter:card\" content=\"summary_large_image\" \/>\n<meta name=\"twitter:site\" content=\"@quexopadata\" \/>\n<meta name=\"twitter:label1\" content=\"Est. reading time\">\n\t<meta name=\"twitter:data1\" content=\"6 minutos\">\n<script type=\"application\/ld+json\" class=\"yoast-schema-graph\">{\"@context\":\"https:\/\/schema.org\",\"@graph\":[{\"@type\":\"Organization\",\"@id\":\"https:\/\/quexopa.io\/#organization\",\"name\":\"QueXopa\",\"url\":\"https:\/\/quexopa.io\/\",\"sameAs\":[\"http:\/\/@quexopadata\",\"https:\/\/twitter.com\/quexopadata\"],\"logo\":{\"@type\":\"ImageObject\",\"@id\":\"https:\/\/quexopa.io\/#logo\",\"inLanguage\":\"pt-BR\",\"url\":\"https:\/\/quexopa.io\/wp-content\/uploads\/2018\/03\/QuexopaLogo_2.svg\",\"width\":468,\"height\":135,\"caption\":\"QueXopa\"},\"image\":{\"@id\":\"https:\/\/quexopa.io\/#logo\"}},{\"@type\":\"WebSite\",\"@id\":\"https:\/\/quexopa.io\/#website\",\"url\":\"https:\/\/quexopa.io\/\",\"name\":\"QueXopa\\u00ae | Latin American Insights\",\"description\":\"Alternative Data for Emerging Markets\",\"publisher\":{\"@id\":\"https:\/\/quexopa.io\/#organization\"},\"potentialAction\":[{\"@type\":\"SearchAction\",\"target\":\"https:\/\/quexopa.io\/?s={search_term_string}\",\"query-input\":\"required name=search_term_string\"}],\"inLanguage\":\"pt-BR\"},{\"@type\":\"ImageObject\",\"@id\":\"https:\/\/quexopa.io\/pt-br\/#primaryimage\",\"inLanguage\":\"pt-BR\",\"url\":\"https:\/\/quexopa.io\/wp-content\/uploads\/2019\/11\/QueXopa_Header_Data_Collection.svg\",\"width\":1758,\"height\":1205},{\"@type\":\"WebPage\",\"@id\":\"https:\/\/quexopa.io\/pt-br\/#webpage\",\"url\":\"https:\/\/quexopa.io\/pt-br\/\",\"name\":\"Home Portuguese | QueXopa\\u00ae | Latin American Insights\",\"isPartOf\":{\"@id\":\"https:\/\/quexopa.io\/#website\"},\"primaryImageOfPage\":{\"@id\":\"https:\/\/quexopa.io\/pt-br\/#primaryimage\"},\"datePublished\":\"2020-04-18T01:46:57+00:00\",\"dateModified\":\"2020-06-21T15:54:41+00:00\",\"breadcrumb\":{\"@id\":\"https:\/\/quexopa.io\/pt-br\/#breadcrumb\"},\"inLanguage\":\"pt-BR\",\"potentialAction\":[{\"@type\":\"ReadAction\",\"target\":[\"https:\/\/quexopa.io\/pt-br\/\"]}]},{\"@type\":\"BreadcrumbList\",\"@id\":\"https:\/\/quexopa.io\/pt-br\/#breadcrumb\",\"itemListElement\":[{\"@type\":\"ListItem\",\"position\":1,\"item\":{\"@type\":\"WebPage\",\"@id\":\"https:\/\/quexopa.io\/pt-br\/\",\"url\":\"https:\/\/quexopa.io\/pt-br\/\",\"name\":\"Home\"}},{\"@type\":\"ListItem\",\"position\":2,\"item\":{\"@type\":\"WebPage\",\"@id\":\"https:\/\/quexopa.io\/pt-br\/\",\"url\":\"https:\/\/quexopa.io\/pt-br\/\",\"name\":\"Home Portuguese\"}}]}]}<\/script>\n<!-- \/ Yoast SEO plugin. -->","_links":{"self":[{"href":"https:\/\/quexopa.io\/pt-br\/wp-json\/wp\/v2\/pages\/3195"}],"collection":[{"href":"https:\/\/quexopa.io\/pt-br\/wp-json\/wp\/v2\/pages"}],"about":[{"href":"https:\/\/quexopa.io\/pt-br\/wp-json\/wp\/v2\/types\/page"}],"author":[{"embeddable":true,"href":"https:\/\/quexopa.io\/pt-br\/wp-json\/wp\/v2\/users\/2"}],"replies":[{"embeddable":true,"href":"https:\/\/quexopa.io\/pt-br\/wp-json\/wp\/v2\/comments?post=3195"}],"version-history":[{"count":11,"href":"https:\/\/quexopa.io\/pt-br\/wp-json\/wp\/v2\/pages\/3195\/revisions"}],"predecessor-version":[{"id":3349,"href":"https:\/\/quexopa.io\/pt-br\/wp-json\/wp\/v2\/pages\/3195\/revisions\/3349"}],"wp:attachment":[{"href":"https:\/\/quexopa.io\/pt-br\/wp-json\/wp\/v2\/media?parent=3195"}],"curies":[{"name":"wp","href":"https:\/\/api.w.org\/{rel}","templated":true}]}}