{"id":3130,"date":"2020-03-04T11:14:00","date_gmt":"2020-03-04T16:14:00","guid":{"rendered":"https:\/\/quexopa.io\/data-monetization-strategy\/"},"modified":"2020-06-21T12:12:50","modified_gmt":"2020-06-21T16:12:50","slug":"data-monetization-strategy-espanol","status":"publish","type":"page","link":"https:\/\/quexopa.io\/es\/data-monetization-strategy-espanol\/","title":{"rendered":"Data Monetization Strategy Espa\u00f1ol"},"content":{"rendered":"<h1>\n\t\tCreando Valor de la <BR>Data Inutilizada\n\t<\/h1>\n\t<p>QueXopa\u00ae se especializa en la investigaci\u00f3n y el abastecimiento de datos empresariales no utilizados. Transformamos estos datos en informaci\u00f3n incre\u00edblemente valiosa para nuestros clientes al tiempo que brindamos eventos de monetizaci\u00f3n para los productores de datos.<\/p>\n\t\t\t<a href=\"#\" target=\"_self\" role=\"button\" rel=\"noopener noreferrer\">\n\t\t\t\t\t\t\tSOLICITAR DATOS PERSONALIZADOS\n\t\t\t\t\t<\/a>\n\t\t\t\t<img loading=\"lazy\" src=\"https:\/\/quexopa.io\/wp-content\/uploads\/2020\/02\/DataStrategy.png\" alt=\"DataStrategy\" itemprop=\"image\" height=\"567\" width=\"535\" title=\"DataStrategy\" onerror=\"this.style.display='none'\"  \/>\n\t\t\t\t<img loading=\"lazy\" src=\"https:\/\/quexopa.io\/wp-content\/uploads\/2020\/02\/DataStrategy.png\" alt=\"DataStrategy\" itemprop=\"image\" height=\"567\" width=\"535\" title=\"DataStrategy\" onerror=\"this.style.display='none'\"  \/>\n\t\t\t\t<img loading=\"lazy\" src=\"https:\/\/quexopa.io\/wp-content\/uploads\/2020\/02\/DrowingData.png\" alt=\"DrowingData\" itemprop=\"image\" height=\"402\" width=\"650\" title=\"DrowingData\" onerror=\"this.style.display='none'\"  \/>\n\t\t\t\t<img loading=\"lazy\" src=\"https:\/\/quexopa.io\/wp-content\/uploads\/2020\/02\/DrowingData.png\" alt=\"DrowingData\" itemprop=\"image\" height=\"402\" width=\"650\" title=\"DrowingData\" onerror=\"this.style.display='none'\"  \/>\n<h2>\n\t\tEn 2020, las Empresas se est\u00e1n Ahogando en sus Propios Datos.\n\t<\/h2>\n\t<ul>\n\t\t<li><h4><\/h4 ><p>Los datos son un subproducto de simplemente hacer negocios en la era digital. Los datos operativos son costosos de administrar, formatear y almacenar sin crear valor para el 99% de las empresas en LatAm y otros mercados emergentes.QueXopa desarrolla una estrategia completa de monetizaci\u00f3n de datos para convertir los datos operativos subutilizados en eventos que generan ingresos para nuestros socios y una valiosa inteligencia de negocios para nuestros clientes en m\u00faltiples industrias.<\/p><\/li>\t<\/ul>\n\t\t\t<a href=\"#\" target=\"_self\" role=\"button\" rel=\"noopener noreferrer\">\n\t\t\t\t\t\t\tSOLICITAR MAS DETALLES\n\t\t\t<\/a>\n\t\t\t\t<img loading=\"lazy\" src=\"https:\/\/quexopa.io\/wp-content\/uploads\/2020\/02\/DataStrategy.png\" alt=\"DataStrategy\" itemprop=\"image\" height=\"567\" width=\"535\" title=\"DataStrategy\" onerror=\"this.style.display='none'\"  \/>\n<h2>\n\t\tC\u00f3mo Podemos Ayudar a su Empresa con una Estrategia de Monetizaci\u00f3n de Datos Sin Sacrificar la Privacidad.\n\t<\/h2>\n\t<ul>\n\t\t<li><h4><\/h4 ><p>En 2020, los datos son una nueva clase de activos. Encontrar valor debe ser una prioridad para cualquier empresa que recopile datos de cualquier forma. Monetizar los datos no utilizados a trav\u00e9s de nuestras verticales de ventas establecidas es lo que hace que QueXopa sea un socio valioso.Todos los datos que ingerimos se limpian de cualquier <a href=\"https:\/\/www.investopedia.com\/terms\/p\/personally-identifiable-information-pii.asp\" target=\"_blank\" rel=\"noopener noreferrer\">Informaci\u00f3n de Identificaci\u00f3n Personal (PII)<\/a>. Nos adherimos a todas las Leyes Generales de Protecci\u00f3n de Datos <a href=\"https:\/\/gdpr.eu\/\" target=\"_blank\" rel=\"noopener noreferrer\">GDPR (UE)<\/a>, <a href=\"https:\/\/iapp.org\/resources\/article\/brazils-general-data-protection-law-english-translation\/\" target=\"_blank\" rel=\"noopener noreferrer\">LGPD (BR)<\/a> y regionales. Cualquier informaci\u00f3n distribuida a lo largo de nuestras verticales debe cumplir con un proceso seguro y an\u00f3nimo para proteger cualquier informaci\u00f3n confidencial del cliente.<\/li><li><h4>Tipos de Empresas que Asesoramos<\/h4 ><ul><li>Servicios Financieros<\/li><li>Startups<\/li><li>Seguros<\/li><li>Sector Inmobiliario<\/li><\/ul><ul><li>Aplicaciones Mobiles<\/li><li>Retailers\u00a0<\/li><li>Fintechs<\/li><li>Industria Maritima<\/li><\/ul><\/p><\/li>\t<\/ul>\n\t\t\t<a href=\"#\" target=\"_self\" role=\"button\" rel=\"noopener noreferrer\">\n\t\t\t\t\t\t\tSOLICITAR MAS DETALLES\n\t\t\t<\/a>\n\t\t\t\t<img loading=\"lazy\" src=\"https:\/\/quexopa.io\/wp-content\/uploads\/2020\/02\/DataStrategy.png\" alt=\"DataStrategy\" itemprop=\"image\" height=\"567\" width=\"535\" title=\"DataStrategy\" onerror=\"this.style.display='none'\"  \/>\n<h3>\n\t\tLos Datos son el Nuevo Petroleo&#8230;\n\t<\/h3>\n\t<p><a href=\"https:\/\/www.economist.com\/leaders\/2017\/05\/06\/the-worlds-most-valuable-resource-is-no-longer-oil-but-data\" target=\"_blank\" rel=\"noopener noreferrer\">Los datos son el producto m\u00e1s valioso del mundo<\/a> y cada d\u00eda se descubren nuevas formas de monetizarlos. Los datos alimentan las percepciones del <a href=\"https:\/\/www.theverge.com\/2020\/3\/23\/21190700\/eu-mobile-carriers-customer-data-coronavirus-south-korea-taiwan-privacy\" target=\"_blank\" rel=\"noopener noreferrer\">Brote de Coronavirus<\/a> o las se\u00f1ales de Cambios Econ\u00f3micos en las regiones. La experiencia de QueXopa no tiene paralelo en la creaci\u00f3n de flujos de ingresos a partir del almacenamiento de datos infrautilizados de la compa\u00f1\u00eda.<\/p>\n\t\t\t<a href=\"#\" target=\"_self\" role=\"button\" rel=\"noopener noreferrer\">\n\t\t\t\t\t\t\tMONETIZA TUS DATOS\n\t\t\t<\/a>\n\t\t\t\t<img loading=\"lazy\" src=\"https:\/\/quexopa.io\/wp-content\/uploads\/2020\/04\/Data_New_Oil.png\" alt=\"Data_New_Oil\" itemprop=\"image\" height=\"747\" width=\"887\" title=\"Data_New_Oil\" onerror=\"this.style.display='none'\"  \/>\n<h3>\n\t\tCreating Value for Our Partners\n\t<\/h3>\n\t<p>In March 2020, QueXopa signed an exclusive deal with the Panama Canal Authority to be the sole supplier of maritime data products for the largest global maritime pathway in the Western Hemisphere.<\/p>\n\t\t\t<a href=\"#\" target=\"_self\" role=\"button\" rel=\"noopener noreferrer\">\n\t\t\t\t\t\t\tTELL US HOW WE CAN HELP YOU\n\t\t\t<\/a>\n\t\t\t\t<img loading=\"lazy\" src=\"https:\/\/quexopa.io\/wp-content\/uploads\/2020\/02\/canal_de_panama2.png\" alt=\"canal_de_panama2\" itemprop=\"image\" height=\"684\" width=\"1172\" title=\"canal_de_panama2\" onerror=\"this.style.display='none'\"  \/>\n","protected":false},"excerpt":{"rendered":"<p>Creando Valor de la Data Inutilizada QueXopa\u00ae se especializa en la investigaci\u00f3n y el abastecimiento de datos empresariales no utilizados. Transformamos estos datos en informaci\u00f3n incre\u00edblemente valiosa para nuestros clientes al tiempo que brindamos eventos de monetizaci\u00f3n para los productores de datos. SOLICITAR DATOS PERSONALIZADOS En 2020, las Empresas se est\u00e1n Ahogando en sus Propios &hellip;<\/p>\n<p class=\"read-more\"> <a class=\"\" href=\"https:\/\/quexopa.io\/es\/data-monetization-strategy-espanol\/\"> <span class=\"screen-reader-text\">Data Monetization Strategy Espa\u00f1ol<\/span> Leer m\u00e1s \u00bb<\/a><\/p>\n","protected":false},"author":2,"featured_media":0,"parent":0,"menu_order":0,"comment_status":"closed","ping_status":"closed","template":"","meta":[],"yoast_head":"<!-- This site is optimized with the Yoast SEO plugin v15.8 - https:\/\/yoast.com\/wordpress\/plugins\/seo\/ -->\n<title>QueXopa\u00ae | Latin American Data &amp; Insights<\/title>\n<meta name=\"description\" content=\"QueXopa\u00ae is a consumer pricing alternative data service provider that provides reliable, high-quality, and precise data on demand for 18 countries in Latin America.\" \/>\n<meta name=\"robots\" content=\"index, follow, max-snippet:-1, max-image-preview:large, max-video-preview:-1\" \/>\n<link rel=\"canonical\" href=\"https:\/\/quexopa.io\/es\/data-monetization-strategy-espanol\/\" \/>\n<meta property=\"og:locale\" content=\"es_ES\" \/>\n<meta property=\"og:type\" content=\"article\" \/>\n<meta property=\"og:title\" content=\"QueXopa\u00ae | Latin American Data &amp; Insights\" \/>\n<meta property=\"og:description\" content=\"QueXopa\u00ae is a consumer pricing alternative data service provider that provides reliable, high-quality, and precise data on demand for 18 countries in Latin America.\" \/>\n<meta property=\"og:url\" content=\"https:\/\/quexopa.io\/es\/data-monetization-strategy-espanol\/\" \/>\n<meta property=\"og:site_name\" content=\"QueXopa\u00ae | Latin American Insights\" \/>\n<meta property=\"article:modified_time\" content=\"2020-06-21T16:12:50+00:00\" \/>\n<meta property=\"og:image\" content=\"https:\/\/quexopa.io\/wp-content\/uploads\/2020\/02\/DataStrategy.png\" \/>\n<meta name=\"twitter:card\" content=\"summary_large_image\" \/>\n<meta name=\"twitter:site\" content=\"@quexopadata\" \/>\n<meta name=\"twitter:label1\" content=\"Tiempo de lectura\">\n\t<meta name=\"twitter:data1\" content=\"2 minutos\">\n<script type=\"application\/ld+json\" class=\"yoast-schema-graph\">{\"@context\":\"https:\/\/schema.org\",\"@graph\":[{\"@type\":\"Organization\",\"@id\":\"https:\/\/quexopa.io\/#organization\",\"name\":\"QueXopa\",\"url\":\"https:\/\/quexopa.io\/\",\"sameAs\":[\"http:\/\/@quexopadata\",\"https:\/\/twitter.com\/quexopadata\"],\"logo\":{\"@type\":\"ImageObject\",\"@id\":\"https:\/\/quexopa.io\/#logo\",\"inLanguage\":\"es\",\"url\":\"https:\/\/quexopa.io\/wp-content\/uploads\/2018\/03\/QuexopaLogo_2.svg\",\"width\":468,\"height\":135,\"caption\":\"QueXopa\"},\"image\":{\"@id\":\"https:\/\/quexopa.io\/#logo\"}},{\"@type\":\"WebSite\",\"@id\":\"https:\/\/quexopa.io\/#website\",\"url\":\"https:\/\/quexopa.io\/\",\"name\":\"QueXopa\\u00ae | Latin American Insights\",\"description\":\"Alternative Data for Emerging Markets\",\"publisher\":{\"@id\":\"https:\/\/quexopa.io\/#organization\"},\"potentialAction\":[{\"@type\":\"SearchAction\",\"target\":\"https:\/\/quexopa.io\/?s={search_term_string}\",\"query-input\":\"required name=search_term_string\"}],\"inLanguage\":\"es\"},{\"@type\":\"ImageObject\",\"@id\":\"https:\/\/quexopa.io\/es\/data-monetization-strategy-espanol\/#primaryimage\",\"inLanguage\":\"es\",\"url\":\"https:\/\/quexopa.io\/wp-content\/uploads\/2020\/02\/DataStrategy.png\",\"width\":535,\"height\":567},{\"@type\":\"WebPage\",\"@id\":\"https:\/\/quexopa.io\/es\/data-monetization-strategy-espanol\/#webpage\",\"url\":\"https:\/\/quexopa.io\/es\/data-monetization-strategy-espanol\/\",\"name\":\"QueXopa\\u00ae | Latin American Data & Insights\",\"isPartOf\":{\"@id\":\"https:\/\/quexopa.io\/#website\"},\"primaryImageOfPage\":{\"@id\":\"https:\/\/quexopa.io\/es\/data-monetization-strategy-espanol\/#primaryimage\"},\"datePublished\":\"2020-03-04T16:14:00+00:00\",\"dateModified\":\"2020-06-21T16:12:50+00:00\",\"description\":\"QueXopa\\u00ae is a consumer pricing alternative data service provider that provides reliable, high-quality, and precise data on demand for 18 countries in Latin America.\",\"breadcrumb\":{\"@id\":\"https:\/\/quexopa.io\/es\/data-monetization-strategy-espanol\/#breadcrumb\"},\"inLanguage\":\"es\",\"potentialAction\":[{\"@type\":\"ReadAction\",\"target\":[\"https:\/\/quexopa.io\/es\/data-monetization-strategy-espanol\/\"]}]},{\"@type\":\"BreadcrumbList\",\"@id\":\"https:\/\/quexopa.io\/es\/data-monetization-strategy-espanol\/#breadcrumb\",\"itemListElement\":[{\"@type\":\"ListItem\",\"position\":1,\"item\":{\"@type\":\"WebPage\",\"@id\":\"https:\/\/quexopa.io\/es\/\",\"url\":\"https:\/\/quexopa.io\/es\/\",\"name\":\"Home\"}},{\"@type\":\"ListItem\",\"position\":2,\"item\":{\"@type\":\"WebPage\",\"@id\":\"https:\/\/quexopa.io\/es\/data-monetization-strategy-espanol\/\",\"url\":\"https:\/\/quexopa.io\/es\/data-monetization-strategy-espanol\/\",\"name\":\"Data Monetization Strategy Espa\\u00f1ol\"}}]}]}<\/script>\n<!-- \/ Yoast SEO plugin. -->","_links":{"self":[{"href":"https:\/\/quexopa.io\/es\/wp-json\/wp\/v2\/pages\/3130"}],"collection":[{"href":"https:\/\/quexopa.io\/es\/wp-json\/wp\/v2\/pages"}],"about":[{"href":"https:\/\/quexopa.io\/es\/wp-json\/wp\/v2\/types\/page"}],"author":[{"embeddable":true,"href":"https:\/\/quexopa.io\/es\/wp-json\/wp\/v2\/users\/2"}],"replies":[{"embeddable":true,"href":"https:\/\/quexopa.io\/es\/wp-json\/wp\/v2\/comments?post=3130"}],"version-history":[{"count":8,"href":"https:\/\/quexopa.io\/es\/wp-json\/wp\/v2\/pages\/3130\/revisions"}],"predecessor-version":[{"id":3352,"href":"https:\/\/quexopa.io\/es\/wp-json\/wp\/v2\/pages\/3130\/revisions\/3352"}],"wp:attachment":[{"href":"https:\/\/quexopa.io\/es\/wp-json\/wp\/v2\/media?parent=3130"}],"curies":[{"name":"wp","href":"https:\/\/api.w.org\/{rel}","templated":true}]}}