{"id":3126,"date":"2020-03-04T11:04:23","date_gmt":"2020-03-04T16:04:23","guid":{"rendered":"https:\/\/quexopa.io\/alternative-data\/"},"modified":"2020-04-17T23:26:36","modified_gmt":"2020-04-18T03:26:36","slug":"alternative-data-espanol","status":"publish","type":"page","link":"https:\/\/quexopa.io\/es\/alternative-data-espanol\/","title":{"rendered":"Alternative Data Espa\u00f1ol"},"content":{"rendered":"<h1>\r\n\t\tAlternative Data <br>para Mercados Emergentes\r\n\t<\/h1>\r\n\t<p>QueXopa\u00ae es el proveedor l\u00edder de datos alternativos en Am\u00e9rica Latina. Encontramos, obtenemos y agregamos los datos \u00fanicos no tradicionales que cierran la brecha de informaci\u00f3n en los mercados emergentes.<\/p>\r\n\t\t\t<a href=\"#\" target=\"_self\" role=\"button\" rel=\"noopener noreferrer\">\r\n\t\t\t\t\t\t\tSOLICITAR DATOS PERSONALIZADOS\r\n\t\t\t\t\t<\/a>\r\n\t\t\t\t<img loading=\"lazy\" src=\"https:\/\/quexopa.io\/wp-content\/uploads\/2020\/03\/AlternativeData_Main-1.png\" alt=\"AlternativeData_Main\" itemprop=\"image\" height=\"964\" width=\"1422\" title=\"AlternativeData_Main\" onerror=\"this.style.display='none'\"  \/>\r\n\t\t\t\t<img loading=\"lazy\" src=\"https:\/\/quexopa.io\/wp-content\/uploads\/2020\/03\/AlternativeData_Main-1.png\" alt=\"AlternativeData_Main\" itemprop=\"image\" height=\"964\" width=\"1422\" title=\"AlternativeData_Main\" onerror=\"this.style.display='none'\"  \/>\r\n<h2>\r\n\t\tBuscamos Exactamente lo que Necesitas\r\n\t<\/h2>\r\n\t<p>Nos especializamos en recopilar, limpiar y formatear datos empresariales no utilizados para obtener informaci\u00f3n incre\u00edblemente valiosa. Las ventajas competitivas de los datos alternativos son ilimitadas.<\/p>\r\n\t\t\t\t<img loading=\"lazy\" src=\"https:\/\/quexopa.io\/wp-content\/uploads\/2019\/07\/4-layers-2.png\" alt=\"4-layers (2)\" itemprop=\"image\" height=\"4\" width=\"150\" title=\"4-layers (2)\" onerror=\"this.style.display='none'\"  \/>\r\n\t\t\t\t<img loading=\"lazy\" src=\"https:\/\/quexopa.io\/wp-content\/uploads\/2020\/03\/Credit_Card_Transactions_Data.png\" alt=\"Credit_Card_Transactions_Data\" itemprop=\"image\" height=\"1199\" width=\"1509\" title=\"Credit_Card_Transactions_Data\" onerror=\"this.style.display='none'\"  \/>\r\n\t\t\t\t<img loading=\"lazy\" src=\"https:\/\/quexopa.io\/wp-content\/uploads\/2020\/03\/Credit_Card_Transactions_Data.png\" alt=\"Credit_Card_Transactions_Data\" itemprop=\"image\" height=\"1199\" width=\"1509\" title=\"Credit_Card_Transactions_Data\" onerror=\"this.style.display='none'\"  \/>\r\n<h2>\r\n\t\tTransacciones con Tarjeta de Cr\u00e9dito \/ D\u00e9bito\r\n\t<\/h2>\r\n\t<ul>\r\n\t\t<li><h4><\/h4 ><p>El acceso a transacciones granulares de tarjetas de cr\u00e9dito crea se\u00f1ales de negociaci\u00f3n de pre-ganancias para acciones, indicadores de participaci\u00f3n de mercado para minoristas y medici\u00f3n din\u00e1mica de la econom\u00eda espec\u00edfica de la regi\u00f3n. Actualmente, el conjunto de datos m\u00e1s popular en la industria financiera, las transacciones con tarjeta de cr\u00e9dito agregan la m\u00e1xima transparencia en los mercados antes de que se informen oficialmente.H\u00e1ganos cualquier pregunta que pueda tener sobre c\u00f3mo se pueden integrar estos datos en sus procesos actuales de inversi\u00f3n y toma de decisiones.<\/p><\/li>\t<\/ul>\r\n\t\t\t<a href=\"#\" target=\"_self\" role=\"button\" rel=\"noopener noreferrer\">\r\n\t\t\t\t\t\t\tSOLICITAR MAS DETALLES\r\n\t\t\t<\/a>\r\n\t\t\t\t<img loading=\"lazy\" src=\"https:\/\/quexopa.io\/wp-content\/uploads\/2020\/03\/MobileSDK.png\" alt=\"MobileSDK\" itemprop=\"image\" height=\"904\" width=\"1528\" title=\"MobileSDK\" onerror=\"this.style.display='none'\"  \/>\r\n<h2>\r\n\t\tDatos de Geolocalizacion<BR>Mobil (.sdk)\r\n\t<\/h2>\r\n\t<ul>\r\n\t\t<li><h4><\/h4 ><p>QueXopa ofrece un conjunto \u00fanico de datos globales de ubicaci\u00f3n m\u00f3vil global. Con millones de DAU de alta frecuencia, los clientes tienen la rara accesibilidad para rastrear la actividad m\u00f3vil en un amplio espectro de casos de uso. Obtenga inteligencia vital sobre su audiencia. Medir el impacto de iniciativas y campa\u00f1as. Dispositivos de orientaci\u00f3n geogr\u00e1fica directa y visualizaci\u00f3n de seguimiento de hasta 2 a\u00f1os de actividad hist\u00f3rica.Emparejar datasets de ubicaci\u00f3n m\u00f3vil con otros datos externos crea ventajas de inteligencia a escala global.<\/p><\/li>\t<\/ul>\r\n\t\t\t<a href=\"#\" target=\"_self\" role=\"button\" rel=\"noopener noreferrer\">\r\n\t\t\t\t\t\t\tSOLICITAR MAS DETALLES\r\n\t\t\t<\/a>\r\n\t\t\t\t<img loading=\"lazy\" src=\"https:\/\/quexopa.io\/wp-content\/uploads\/2020\/03\/MobileSDK.png\" alt=\"MobileSDK\" itemprop=\"image\" height=\"904\" width=\"1528\" title=\"MobileSDK\" onerror=\"this.style.display='none'\"  \/>\r\n\t\t\t\t<img loading=\"lazy\" src=\"https:\/\/quexopa.io\/wp-content\/uploads\/2020\/03\/DataMonetization_Main-1.png\" alt=\"DataMonetization_Main\" itemprop=\"image\" height=\"1162\" width=\"1149\" title=\"DataMonetization_Main\" onerror=\"this.style.display='none'\"  \/>\r\n\t\t\t\t<img loading=\"lazy\" src=\"https:\/\/quexopa.io\/wp-content\/uploads\/2020\/03\/DataMonetization_Main-1.png\" alt=\"DataMonetization_Main\" itemprop=\"image\" height=\"1162\" width=\"1149\" title=\"DataMonetization_Main\" onerror=\"this.style.display='none'\"  \/>\r\n<h2>\r\n\t\tMonitoreo de Paginas en Linea\r\n\t<\/h2>\r\n\t<ul>\r\n\t\t<li><h4><\/h4 ><p>Los datos como servicio de QueXopa convierten sitios web de texto, im\u00e1genes y precios en datos \u00fatiles estructurados y procesables. La web brinda una oportunidad sin precedentes a una gran cantidad de informaci\u00f3n para predecir las tendencias de la industria y tomar decisiones de inversi\u00f3n m\u00e1s informadas.Realice un seguimiento de los inventarios, realice auditor\u00edas de sitios web o controle el precio de las marcas de la competencia con nuestros servicios de raspado web de nivel empresarial totalmente administrados. Analicemos sus necesidades de datos web. QueXopa le brinda una soluci\u00f3n simple y segura con datos web.<\/p><\/li>\t<\/ul>\r\n\t\t\t<a href=\"#\" target=\"_self\" role=\"button\" rel=\"noopener noreferrer\">\r\n\t\t\t\t\t\t\tSOLICITAR MAS DETALLES\r\n\t\t\t<\/a>\r\n\t\t\t\t<img loading=\"lazy\" src=\"https:\/\/quexopa.io\/wp-content\/uploads\/2020\/03\/Maritime_Port.png\" alt=\"Maritime_Port\" itemprop=\"image\" height=\"1640\" width=\"2460\" title=\"Maritime_Port\" onerror=\"this.style.display='none'\"  \/>\r\n<h2>\r\n\t\tDatos Maritimos + Portuarios\r\n\t<\/h2>\r\n\t<ul>\r\n\t\t<li><h4><\/h4 ><p>QueXopa est\u00e1 estableciendo activamente asociaciones en la regi\u00f3n para asegurar fuentes de datos mar\u00edtimos exclusivos de puertos y pasadizos latinoamericanos. Nuestra misi\u00f3n es una combinaci\u00f3n de aumentar la velocidad (retraso) de cuando los datos llegan a los mercados, as\u00ed como expandir la granularidad de cada evento registrado.Alimentamos el mercado con inteligencia de datos para los tomadores de decisiones en un amplio espectro de la industria y el gobierno. Datos din\u00e1micos que brindan soluciones de transparencia a los mercados de productos b\u00e1sicos, minoristas, operadores de env\u00edo y servicios financieros.<\/p><\/li>\t<\/ul>\r\n\t\t\t<a href=\"#\" target=\"_self\" role=\"button\" rel=\"noopener noreferrer\">\r\n\t\t\t\t\t\t\tSOLICITAR MAS DETALLES\r\n\t\t\t<\/a>\r\n\t\t\t\t<img loading=\"lazy\" src=\"https:\/\/quexopa.io\/wp-content\/uploads\/2020\/03\/Maritime_Port.png\" alt=\"Maritime_Port\" itemprop=\"image\" height=\"1640\" width=\"2460\" title=\"Maritime_Port\" onerror=\"this.style.display='none'\"  \/>\r\n<h3>\r\n\t\tServicios de Asesoramiento\r\n\t<\/h3>\r\n\t<p>QueXopa ofrece nuestra experiencia en datos alternativos en mercados emergentes en forma de servicios de consultor\u00eda. Desde Venture Capital buscando el pr\u00f3ximo unicornio. Private Equity buscando los objetivos de adquisici\u00f3n perfectos o los fondos de cobertura para que los gobiernos sean informados sobre qu\u00e9 conjuntos de datos valiosos est\u00e1n disponibles actualmente. Preg\u00fantenos c\u00f3mo podemos impulsar su negocio.<\/p>\r\n\t\t\t<a href=\"#\" target=\"_self\" role=\"button\" rel=\"noopener noreferrer\">\r\n\t\t\t\t\t\t\tCUENTANOS QUE ESTAS BUSCANDO\r\n\t\t\t<\/a>\r\n\t\t\t\t<img loading=\"lazy\" src=\"https:\/\/quexopa.io\/wp-content\/uploads\/2020\/03\/Advise-1.png\" alt=\"Advise\" itemprop=\"image\" height=\"1194\" width=\"1098\" title=\"Advise\" onerror=\"this.style.display='none'\"  \/>\r\n\t\t\t\t<img loading=\"lazy\" src=\"https:\/\/quexopa.io\/wp-content\/uploads\/2020\/03\/Advise-1.png\" alt=\"Advise\" itemprop=\"image\" height=\"1194\" width=\"1098\" title=\"Advise\" onerror=\"this.style.display='none'\"  \/>\r\n<h3>\r\n\t\tServicios de Asesoramiento\r\n\t<\/h3>\r\n\t<p>QueXopa ofrece nuestra experiencia en datos alternativos en mercados emergentes en forma de servicios de consultor\u00eda. Desde Venture Capital buscando el pr\u00f3ximo unicornio. Private Equity buscando los objetivos de adquisici\u00f3n perfectos o los fondos de cobertura para que los gobiernos sean informados sobre qu\u00e9 conjuntos de datos valiosos est\u00e1n disponibles actualmente. Preg\u00fantenos c\u00f3mo podemos impulsar su negocio.<\/p>\r\n\t\t\t<a href=\"#\" target=\"_self\" role=\"button\" rel=\"noopener noreferrer\">\r\n\t\t\t\t\t\t\tCUENTANOS QUE ESTAS BUSCANDO\r\n\t\t\t<\/a>\r\n","protected":false},"excerpt":{"rendered":"<p>Alternative Data para Mercados Emergentes QueXopa\u00ae es el proveedor l\u00edder de datos alternativos en Am\u00e9rica Latina. Encontramos, obtenemos y agregamos los datos \u00fanicos no tradicionales que cierran la brecha de informaci\u00f3n en los mercados emergentes. SOLICITAR DATOS PERSONALIZADOS Buscamos Exactamente lo que Necesitas Nos especializamos en recopilar, limpiar y formatear datos empresariales no utilizados para &hellip;<\/p>\n<p class=\"read-more\"> <a class=\"\" href=\"https:\/\/quexopa.io\/es\/alternative-data-espanol\/\"> <span class=\"screen-reader-text\">Alternative Data Espa\u00f1ol<\/span> Leer m\u00e1s \u00bb<\/a><\/p>\n","protected":false},"author":2,"featured_media":0,"parent":0,"menu_order":0,"comment_status":"closed","ping_status":"closed","template":"","meta":[],"yoast_head":"<!-- This site is optimized with the Yoast SEO plugin v15.8 - https:\/\/yoast.com\/wordpress\/plugins\/seo\/ -->\n<title>QueXopa\u00ae | Latin American Data &amp; Insights<\/title>\n<meta name=\"description\" content=\"QueXopa\u00ae is a consumer pricing alternative data service provider that provides reliable, high-quality, and precise data on demand for 18 countries in Latin America.\" \/>\n<meta name=\"robots\" content=\"index, follow, max-snippet:-1, max-image-preview:large, max-video-preview:-1\" \/>\n<link rel=\"canonical\" href=\"https:\/\/quexopa.io\/es\/alternative-data-espanol\/\" \/>\n<meta property=\"og:locale\" content=\"es_ES\" \/>\n<meta property=\"og:type\" content=\"article\" \/>\n<meta property=\"og:title\" content=\"QueXopa\u00ae | Latin American Data &amp; Insights\" \/>\n<meta property=\"og:description\" content=\"QueXopa\u00ae is a consumer pricing alternative data service provider that provides reliable, high-quality, and precise data on demand for 18 countries in Latin America.\" \/>\n<meta property=\"og:url\" content=\"https:\/\/quexopa.io\/es\/alternative-data-espanol\/\" \/>\n<meta property=\"og:site_name\" content=\"QueXopa\u00ae | Latin American Insights\" \/>\n<meta property=\"article:modified_time\" content=\"2020-04-18T03:26:36+00:00\" \/>\n<meta property=\"og:image\" content=\"https:\/\/quexopa.io\/wp-content\/uploads\/2020\/03\/AlternativeData_Main-1.png\" \/>\n<meta name=\"twitter:card\" content=\"summary_large_image\" \/>\n<meta name=\"twitter:site\" content=\"@quexopadata\" \/>\n<meta name=\"twitter:label1\" content=\"Tiempo de lectura\">\n\t<meta name=\"twitter:data1\" content=\"3 minutos\">\n<script type=\"application\/ld+json\" class=\"yoast-schema-graph\">{\"@context\":\"https:\/\/schema.org\",\"@graph\":[{\"@type\":\"Organization\",\"@id\":\"https:\/\/quexopa.io\/#organization\",\"name\":\"QueXopa\",\"url\":\"https:\/\/quexopa.io\/\",\"sameAs\":[\"http:\/\/@quexopadata\",\"https:\/\/twitter.com\/quexopadata\"],\"logo\":{\"@type\":\"ImageObject\",\"@id\":\"https:\/\/quexopa.io\/#logo\",\"inLanguage\":\"es\",\"url\":\"https:\/\/quexopa.io\/wp-content\/uploads\/2018\/03\/QuexopaLogo_2.svg\",\"width\":468,\"height\":135,\"caption\":\"QueXopa\"},\"image\":{\"@id\":\"https:\/\/quexopa.io\/#logo\"}},{\"@type\":\"WebSite\",\"@id\":\"https:\/\/quexopa.io\/#website\",\"url\":\"https:\/\/quexopa.io\/\",\"name\":\"QueXopa\\u00ae | Latin American Insights\",\"description\":\"Alternative Data for Emerging Markets\",\"publisher\":{\"@id\":\"https:\/\/quexopa.io\/#organization\"},\"potentialAction\":[{\"@type\":\"SearchAction\",\"target\":\"https:\/\/quexopa.io\/?s={search_term_string}\",\"query-input\":\"required name=search_term_string\"}],\"inLanguage\":\"es\"},{\"@type\":\"ImageObject\",\"@id\":\"https:\/\/quexopa.io\/es\/alternative-data-espanol\/#primaryimage\",\"inLanguage\":\"es\",\"url\":\"https:\/\/quexopa.io\/wp-content\/uploads\/2020\/03\/AlternativeData_Main-1.png\",\"width\":1422,\"height\":964},{\"@type\":\"WebPage\",\"@id\":\"https:\/\/quexopa.io\/es\/alternative-data-espanol\/#webpage\",\"url\":\"https:\/\/quexopa.io\/es\/alternative-data-espanol\/\",\"name\":\"QueXopa\\u00ae | Latin American Data & Insights\",\"isPartOf\":{\"@id\":\"https:\/\/quexopa.io\/#website\"},\"primaryImageOfPage\":{\"@id\":\"https:\/\/quexopa.io\/es\/alternative-data-espanol\/#primaryimage\"},\"datePublished\":\"2020-03-04T16:04:23+00:00\",\"dateModified\":\"2020-04-18T03:26:36+00:00\",\"description\":\"QueXopa\\u00ae is a consumer pricing alternative data service provider that provides reliable, high-quality, and precise data on demand for 18 countries in Latin America.\",\"breadcrumb\":{\"@id\":\"https:\/\/quexopa.io\/es\/alternative-data-espanol\/#breadcrumb\"},\"inLanguage\":\"es\",\"potentialAction\":[{\"@type\":\"ReadAction\",\"target\":[\"https:\/\/quexopa.io\/es\/alternative-data-espanol\/\"]}]},{\"@type\":\"BreadcrumbList\",\"@id\":\"https:\/\/quexopa.io\/es\/alternative-data-espanol\/#breadcrumb\",\"itemListElement\":[{\"@type\":\"ListItem\",\"position\":1,\"item\":{\"@type\":\"WebPage\",\"@id\":\"https:\/\/quexopa.io\/es\/\",\"url\":\"https:\/\/quexopa.io\/es\/\",\"name\":\"Home\"}},{\"@type\":\"ListItem\",\"position\":2,\"item\":{\"@type\":\"WebPage\",\"@id\":\"https:\/\/quexopa.io\/es\/alternative-data-espanol\/\",\"url\":\"https:\/\/quexopa.io\/es\/alternative-data-espanol\/\",\"name\":\"Alternative Data Espa\\u00f1ol\"}}]}]}<\/script>\n<!-- \/ Yoast SEO plugin. -->","_links":{"self":[{"href":"https:\/\/quexopa.io\/es\/wp-json\/wp\/v2\/pages\/3126"}],"collection":[{"href":"https:\/\/quexopa.io\/es\/wp-json\/wp\/v2\/pages"}],"about":[{"href":"https:\/\/quexopa.io\/es\/wp-json\/wp\/v2\/types\/page"}],"author":[{"embeddable":true,"href":"https:\/\/quexopa.io\/es\/wp-json\/wp\/v2\/users\/2"}],"replies":[{"embeddable":true,"href":"https:\/\/quexopa.io\/es\/wp-json\/wp\/v2\/comments?post=3126"}],"version-history":[{"count":8,"href":"https:\/\/quexopa.io\/es\/wp-json\/wp\/v2\/pages\/3126\/revisions"}],"predecessor-version":[{"id":3188,"href":"https:\/\/quexopa.io\/es\/wp-json\/wp\/v2\/pages\/3126\/revisions\/3188"}],"wp:attachment":[{"href":"https:\/\/quexopa.io\/es\/wp-json\/wp\/v2\/media?parent=3126"}],"curies":[{"name":"wp","href":"https:\/\/api.w.org\/{rel}","templated":true}]}}