{"id":3121,"date":"2020-03-06T05:36:39","date_gmt":"2020-03-06T10:36:39","guid":{"rendered":"https:\/\/quexopa.io\/home-2\/"},"modified":"2020-06-21T12:09:31","modified_gmt":"2020-06-21T16:09:31","slug":"home-espanol","status":"publish","type":"page","link":"https:\/\/quexopa.io\/es\/","title":{"rendered":"Home ES"},"content":{"rendered":"<h1>\n\t\tEncontrar data relevante sobre Am\u00e9rica Latina ya no es un desaf\u00edo.\n\t<\/h1>\n\t<p>QueXopa\u00ae es un proveedor de Alternative Data que encuentra, obtiene y agrega los datos que alimentan a los liderazgos ejecutivos en diferentes \u00e1reas de gobierno, finanzas e industrias para obtener informaci\u00f3n precisa sobre Am\u00e9rica Latina.<\/p>\n\t\t\t<a href=\"\/es\/alternative-data-espanol\/\" target=\"_self\" rel=\"noopener noreferrer\">\n\t\t\t\t\t\t\t\tEXPLORAR DATOS\n\t\t\t\t\t\t\t<\/a>\n\t\t\t<a href=\"#home-delivery-section\" target=\"_self\" rel=\"noopener noreferrer\">\n\t\t\t\t\t\t\t\tSERVICIOS\n\t\t\t\t\t\t\t<\/a>\n\t\t\t\t<img loading=\"lazy\" src=\"https:\/\/quexopa.io\/wp-content\/uploads\/2019\/11\/QueXopa_Header_Data_Collection.svg\" alt=\"QueXopa_Header_Data_Collection\" itemprop=\"image\" height=\"1205\" width=\"1758\" height=\"150\" width=\"150\" height=\"300\" width=\"300\" height=\"1024\" width=\"1024\" height=\"0\" width=\"768\" height=\"24\" width=\"24\" height=\"36\" width=\"36\" height=\"48\" width=\"48\" title=\"QueXopa_Header_Data_Collection\" onerror=\"this.style.display='none'\"  \/>\n\t\t\t\t<img loading=\"lazy\" src=\"https:\/\/quexopa.io\/wp-content\/uploads\/2019\/11\/QueXopa_Header_Data_Collection.svg\" alt=\"QueXopa_Header_Data_Collection\" itemprop=\"image\" height=\"1205\" width=\"1758\" height=\"150\" width=\"150\" height=\"300\" width=\"300\" height=\"1024\" width=\"1024\" height=\"0\" width=\"768\" height=\"24\" width=\"24\" height=\"36\" width=\"36\" height=\"48\" width=\"48\" title=\"QueXopa_Header_Data_Collection\" onerror=\"this.style.display='none'\"  \/>\n\t\t\t<a href=\"#\" target=\"_self\" role=\"button\" rel=\"noopener noreferrer\">\n\t\t\t\t\t\t\tAcelera tus Proyectos\n\t\t\t\t\t<\/a>\n<h2>\n\t\tQueXopa Busca, Monitorea y Recopila los Datos que Alimentan la Inteligencia Empresarial\n\t<\/h2>\n\t\t\t\t<img loading=\"lazy\" src=\"https:\/\/quexopa.io\/wp-content\/uploads\/2019\/07\/4-layers-2.png\" alt=\"4-layers (2)\" itemprop=\"image\" height=\"4\" width=\"150\" title=\"4-layers (2)\" onerror=\"this.style.display='none'\"  \/>\n\t<p>Nuestros clientes conf\u00edan en nuestros productos datos de alta calidad, precisos y transparentes para obtener una perspectiva precisa y tomar decisiones validadas con informaci\u00f3n.<\/p>\n\t\t\t\t<img src=\"https:\/\/quexopa.io\/wp-content\/uploads\/2019\/08\/Shape_Copy_2.svg\" alt=\"Shape_Copy_2\" itemprop=\"image\"\/>\n\t\t<h4>Accesa a Nuevos Mercados<\/h4>\t\t\t\n\t\t\t\t<p>Obtenga acceso a Am\u00e9rica Latina de formas nunca antes posibles a trav\u00e9s de nuestro panel de datos, precisos y digeribles.<\/p>\n\t\t\t\t<img src=\"https:\/\/quexopa.io\/wp-content\/uploads\/2019\/08\/Shape.svg\" alt=\"Shape\" itemprop=\"image\"\/>\n\t\t<h4>Elimina Barreras de Entrada<\/h4>\t\t\t\n\t\t\t\t<p>Datos precisos y refinados que explican las diferencias de idioma, cultura, est\u00e1ndares y moneda.<\/p>\n\t\t\t\t<img src=\"https:\/\/quexopa.io\/wp-content\/uploads\/2019\/08\/3-layers.svg\" alt=\"3-layers\" itemprop=\"image\"\/>\n\t\t<h4>Monitorea la Actividad Econ\u00f3mica<\/h4>\t\t\t\n\t\t\t\t<p>Monitoree con precisi\u00f3n la actividad macroecon\u00f3mica para su mercado de destino o haga comparaciones con otras regiones globales<\/p>\n\t\t\t\t<img loading=\"lazy\" src=\"https:\/\/quexopa.io\/wp-content\/uploads\/2020\/03\/AlternativeData-2.png\" alt=\"AlternativeData\" itemprop=\"image\" height=\"1176\" width=\"1634\" title=\"AlternativeData\" onerror=\"this.style.display='none'\"  \/>\n\t\t\t\t<img loading=\"lazy\" src=\"https:\/\/quexopa.io\/wp-content\/uploads\/2020\/03\/AlternativeData-2.png\" alt=\"AlternativeData\" itemprop=\"image\" height=\"1176\" width=\"1634\" title=\"AlternativeData\" onerror=\"this.style.display='none'\"  \/>\n\t\t\t<a href=\"#\" target=\"_self\" role=\"button\" rel=\"noopener noreferrer\">\n\t\t\t\t\t\t\tDatasets Unicos\n\t\t\t\t\t<\/a>\n<h2>\n\t\tAlternative Data para Mercados Emergentes\n\t<\/h2>\n\t<ul>\n\t\t<li><h4><\/h4 ><p>QueXopa\u00ae es la fuente de alternative data en Latinoam\u00e9rica con m\u00e1s experiencia en la industria. Obt\u00e9n acceso a nuestros paneles de datos exclusivos, que coadyuvan crear una ventaja competitiva para inversores, fondos de cobertura, analistas de mercado, minoristas y empresas. Proporcionamos datos limpios y estructurados dise\u00f1ados para funcionar con cualquier tipo de modelo de datos.Hemos ampliado nuestra oferta a otros mercados emergentes con productos de datos que solo se pueden encontrar a trav\u00e9s de QueXopa.<\/p><\/li>\t<\/ul>\n\t\t\t<a href=\"\/es\/alternative-data-espanol\/\" target=\"_self\" role=\"button\" rel=\"noopener noreferrer\">\n\t\t\t\t\t\t\tEXPLORA NUESTROS DATOS\n\t\t\t<\/a>\n\t\t\t\t<img loading=\"lazy\" src=\"https:\/\/quexopa.io\/wp-content\/uploads\/2020\/03\/OnDemandHome-1.png\" alt=\"OnDemandHome\" itemprop=\"image\" height=\"1341\" width=\"1468\" title=\"OnDemandHome\" onerror=\"this.style.display='none'\"  \/>\n\t\t\t<a href=\"#\" target=\"_self\" role=\"button\" rel=\"noopener noreferrer\">\n\t\t\t\t\t\t\tClientes del Buy Side\n\t\t\t\t\t<\/a>\n<h2>\n\t\tData On-Demand \n\t<\/h2>\n\t<ul>\n\t\t<li><h4><font color=\"#169587\">Si est\u00e1 en Am\u00e9rica Latina, \u00a1podemos encontrarlo!<\/font><\/h4 ><p>QueXopa utiliza un sistema de integraci\u00f3n patentado para encontrar datos \u00fanicos de proveedores no tradicionales. Obtenemos el \u00abdata exhaust\u00bb de las empresas asociadas de LatAm que son vitales para la inteligencia de negocios de nuestros clientes compradores.<\/li><li><h4>Trabajamos con:<\/h4 >\u2022 Inversionistas Institucionales<br \/>\u2022 Corporaciones Fortune 500\u00a0<br \/>\u2022 Venture Capital \/ Private Equity<br \/>\u2022 Marcas Globales\u00a0<\/p><\/li>\t<\/ul>\n\t<ul>\n\t\t<li><h4><font color=\"#169587\">Si est\u00e1 en Am\u00e9rica Latina, \u00a1podemos encontrarlo!<\/font><\/h4 ><p>QueXopa utiliza un sistema de integraci\u00f3n patentado para encontrar datos \u00fanicos de proveedores no tradicionales. Obtenemos el \u00abdata exhaust\u00bb de las empresas asociadas de LatAm que son vitales para la inteligencia de negocios de nuestros clientes compradores.<\/li><li><h4>Trabajamos con:<\/h4 >\u2022 Institutional Investors <br \/>\u2022 Fortune 500 Corporations\u00a0 <br \/>\u2022 Venture Capital \/ Private Equity <br \/>\u2022 Global Brands\u00a0<\/p><\/li>\t<\/ul>\n\t\t\t<a href=\"\/es\/on-demand-data-espanol\/\" target=\"_self\" role=\"button\" rel=\"noopener noreferrer\">\n\t\t\t\t\t\t\tLEARN MORE\n\t\t\t<\/a>\n\t\t\t\t<img loading=\"lazy\" src=\"https:\/\/quexopa.io\/wp-content\/uploads\/2020\/03\/OnDemandHome-1.png\" alt=\"OnDemandHome\" itemprop=\"image\" height=\"1341\" width=\"1468\" title=\"OnDemandHome\" onerror=\"this.style.display='none'\"  \/>\n\t\t\t\t<img loading=\"lazy\" src=\"https:\/\/quexopa.io\/wp-content\/uploads\/2020\/03\/DataMonetization-1.png\" alt=\"DataMonetization\" itemprop=\"image\" height=\"1311\" width=\"1186\" title=\"DataMonetization\" onerror=\"this.style.display='none'\"  \/>\n\t\t\t<a href=\"#\" target=\"_self\" role=\"button\" rel=\"noopener noreferrer\">\n\t\t\t\t\t\t\tCreando Valor de Data No Utilizada\n\t\t\t\t\t<\/a>\n<h2>\n\t\tEstrategia de Monetizaci\u00f3n de Datos\n\t<\/h2>\n\t<ul>\n\t\t<li><h4><\/h4 ><p>El 99% de los datos creados por las actividades comerciales diarias, normalmente no a\u00f1aden valor para las empresas que los generan. Sin embargo, este \u00abdata exhaust\u00bb se puede aprovechar para producir nuevas ventajas competitivas para otros nodos de la cadena de valor comercial. Creamos eventos monetizables para nuestros socios mediante el desarrollo de una estrategia de optimizaci\u00f3n de datos operativos. Siempre manteniendo la privacidad tanto de los socios como los sus usuarios.\u00a0<\/li><li><h4>Empresas que Asesoramos<\/h4 ><ul><li>Stage Start Ups<\/li><li>Finanzas<\/li><li>Seguros<\/li><li>Real Estate\u00a0<\/li><\/ul><ul><li>Aplicaciones Mobiles<\/li><li>Retailers<\/li><li>Fintechs<\/li><li>Industria Maritima<\/li><\/ul><\/p><\/li>\t<\/ul>\n\t<ul>\n\t\t<li><h4><\/h4 ><p>El 99% de los datos creados por las actividades comerciales diarias, normalmente no a\u00f1aden valor para las empresas que los generan. Sin embargo, este \u00abdata exhaust\u00bb se puede aprovechar para producir nuevas ventajas competitivas para otros nodos de la cadena de valor comercial. Creamos eventos monetizables para nuestros socios mediante el desarrollo de una estrategia de optimizaci\u00f3n de datos operativos. Siempre manteniendo la privacidad tanto de los socios como los sus usuarios.\u00a0\u00a0<\/li><li><h4>Empresas que Asesoramos<\/h4 ><ul><li>Stage Start Ups<\/li><li>Finanzas<\/li><li>Seguros<\/li><li>Real Estate\u00a0<\/li><\/ul><ul><li>Aplicaciones Mobiles<\/li><li>Retailers<\/li><li>Fintechs<\/li><li>Industria Maritima<\/li><\/ul><\/p><\/li>\t<\/ul>\n\t\t\t<a href=\"\/es\/data-monetization-strategy-espanol\" target=\"_self\" role=\"button\" rel=\"noopener noreferrer\">\n\t\t\t\t\t\t\tMAS DETALLES\n\t\t\t<\/a>\n<h2>\n\t\tMaximiza Tiempo y Recursos\n\t<\/h2>\n\t<p>El costo asociado a recopilar datos In-House\u00a0 puede ser desgastante, costoso e ineficiente.<\/p>\n\t\t\t\t<img loading=\"lazy\" src=\"https:\/\/quexopa.io\/wp-content\/uploads\/2019\/07\/5-layers-1.png\" alt=\"5-layers (1)\" itemprop=\"image\" height=\"4\" width=\"120\" title=\"5-layers (1)\" onerror=\"this.style.display='none'\"  \/>\n\t\t\t\t<img src=\"https:\/\/quexopa.io\/wp-content\/uploads\/2019\/09\/StopWatch.svg\" alt=\"StopWatch\" itemprop=\"image\"\/>\n\t\t<h4>Outsourcing vs In-House<\/h4>\t\t\t\n\t\t\t\t<p>Una reducci\u00f3n de tiempo de 91% tercerizar con compa\u00f1\u00edas agregadoras de datos a diferencia de desarrollar e invertir recursos In-House.<\/p>\n\t\t\t\t<img src=\"https:\/\/quexopa.io\/wp-content\/uploads\/2019\/09\/DesktopData.svg\" alt=\"DesktopData\" itemprop=\"image\"\/>\n\t\t<h4>Costos de Recopilaci\u00f3n de Datos<\/h4>\t\t\t\n\t\t\t\t<p>Gestionar un equipo analista de datos, limpieza y cumplimiento hacen de estas recolecciones un gran despliegue recursos para algunas compa\u00f1\u00edas. <\/p>\n\t\t\t\t<img src=\"https:\/\/quexopa.io\/wp-content\/uploads\/2019\/09\/Laptop.svg\" alt=\"Laptop\" itemprop=\"image\"\/>\n\t\t<h4>*$142,153<\/h4>\t\t\t\n\t\t\t\t<p>Salario promedio de un cient\u00edfico de datos experimentado en Alternative Data en los Estados Unidos en 2019 <br \/>\u00a0<a href=\"https:\/\/www.glassdoor.com\/Salaries\/senior-data-scientist-salary-SRCH_KO0,21.htm\" target=\"_blank\" rel=\"noopener noreferrer\"><u>\u201cGlassdoor April 2019\u201d<\/u><\/a><\/p>\n\u00a0\n<h2>\n\t\tFrequently Asked Questions\n\t<\/h2>\n\t\t\t\t\t\t<h4>What types of services does QueXopa provide?<\/h4>\n\t\t\t<p><strong>QueXopa\u00ae currently offers three (3) unique service offerings:\u00a0<\/strong><\/p>\n<ol>\n<li><a href=\"https:\/\/quexopa.io\/data-sets\/\">Alternative Data for Emerging Markets<\/a><\/li>\n<li><a href=\"https:\/\/quexopa.io\/on-demand-marketplace-data\/\">On-Demand Marketplace Data<\/a><\/li>\n<li><a href=\"https:\/\/quexopa.io\/cpm\/\">Data Monetization<\/a><\/li>\n<\/ol>\n<p>\u00a0<br \/><b>Alternative Data for Emerging Markets<\/b><\/p>\n<p>QueXopa uses a proprietary approach to meticulously track everything from real estate listings, consumer prices to growth indicators for publicly traded companies while removing the inaccuracies due to historical unreliability, political corruption, lack of data infrastructure, and oversight. QueXopa removes the responsibilities of maintenance by managing your data and keeping it up to date so that you can truly gain insight and maintain your advantage.<br \/><b><\/b><\/p>\n<p><strong><br \/>On-Demand Marketplace Data<\/strong><\/p>\n<p>On Demand Marketplace Data allows the client to tailor a data collection to exactly their needs. We source the \u201cdata exhaust\u201d from LatAm partner companies that are vital to the business analysis and predictive models for our clients<\/p>\n<p><strong>Customizable packages can include:<\/strong><\/p>\n<ul>\n<li>Credit\/Debit Card transactions<\/li>\n<li>Mobile location data (SDK)<\/li>\n<li>Digital Receipts (email)<\/li>\n<li>Real Estate Listings<\/li>\n<li>Consumer Pricing<\/li>\n<li>Polling Data<\/li>\n<li>Web Scraped Data<\/li>\n<li>Social Media Metrics<\/li>\n<\/ul>\n<p>The value of having instant On Demand data is necessary to form helpful insights. QueXopa can find the Latin American data that you need to exact reliable information and make better decisions for your business, government, or institution.<\/p>\n<p><b><br \/>Latin America Price Monitor<\/b><\/p>\n<p>The \u201cQueXopa LatAm Price Monitor\u201d is a modern approach to the global standard economic indicator Consumer Pricing Monitor (CPM), which is appropriately suited for the present-day economy. The Price Monitor maintains accurate pricing data on luxury goods, digital services, technology, fashion, food, personal care, baby products, travel, medical, and selected services to provide clients with real-time information from which to measure and benchmark economic activity in your target markets.<\/p>\n\t\t\t\t\t\t<h4>How do we work with Governments and Private Sectors?<\/h4>\n\t\t\t<p>QueXopa\u00ae provides government clientele various forms of economic growth data sets on Latin American countries on scale with nations in the region and globally.\u00a0<\/p>\n<p>Our Data Sets are structured and kept up to date with relevant, modernized data\u00a0 collections that can meet the information needs of governments, organizations and institutions.<\/p>\n<p>We have extensive experience in Alternative Data in emerging markets with clients ranging from Hedge Funds, Investment Banks and Private Equity Firms to Fortune 500&#8217;s and Government Central Banks.\u00a0<\/p>\n\t\t\t\t\t\t<h4> Can you help my business to monetize our data?<\/h4>\n\t\t\t<p>Yes, we have various ways to help businesses to develop revenue streams from the data created from their daily operations. The types of data that there is a robust market for but not limited to are:<\/p>\n<ul>\n<li>Credit Card transactions<\/li>\n<li>Mobile Location Data (.SDK)<\/li>\n<li>Digital Receipts (email)<\/li>\n<li>Real Estate Listings<\/li>\n<li>Consumer Pricing<\/li>\n<li>Polling Data<\/li>\n<li>Web Scraped Data<\/li>\n<li>Social Media Metrics<\/li>\n<\/ul>\n<p>To learn more details please\u00a0please <a href=\"http:\/\/bit.ly\/2k7vUP9\" target=\"_blank\" rel=\"noopener noreferrer\">fill out this form<\/a><\/p>\n\t\t\t\t\t\t<h4>How do I get started with QueXopa?<\/h4>\n\t\t\t<p>It\u2019s really easy to get in touch with us! Simply <a href=\"#\" data-fancybox=\"\" data-src=\"#modal\">fill out our form<\/a> and we will return your request quickly and with a plan to arrange a call.<\/p>\n","protected":false},"excerpt":{"rendered":"<p>Encontrar data relevante sobre Am\u00e9rica Latina ya no es un desaf\u00edo. QueXopa\u00ae es un proveedor de Alternative Data que encuentra, obtiene y agrega los datos que alimentan a los liderazgos ejecutivos en diferentes \u00e1reas de gobierno, finanzas e industrias para obtener informaci\u00f3n precisa sobre Am\u00e9rica Latina. EXPLORAR DATOS SERVICIOS Acelera tus Proyectos QueXopa Busca, Monitorea &hellip;<\/p>\n<p class=\"read-more\"> <a class=\"\" href=\"https:\/\/quexopa.io\/es\/\"> <span class=\"screen-reader-text\">Home ES<\/span> Leer m\u00e1s \u00bb<\/a><\/p>\n","protected":false},"author":2,"featured_media":0,"parent":0,"menu_order":0,"comment_status":"closed","ping_status":"closed","template":"","meta":[],"yoast_head":"<!-- This site is optimized with the Yoast SEO plugin v15.8 - https:\/\/yoast.com\/wordpress\/plugins\/seo\/ -->\n<title>QueXopa\u00ae | Latin American Data &amp; Insights<\/title>\n<meta name=\"description\" content=\"QueXopa\u00ae is a consumer pricing alternative data service provider that provides reliable, high-quality, and precise data on demand for 18 countries in Latin America.\" \/>\n<meta name=\"robots\" content=\"index, follow, max-snippet:-1, max-image-preview:large, max-video-preview:-1\" \/>\n<link rel=\"canonical\" href=\"https:\/\/quexopa.io\/es\/\" \/>\n<meta property=\"og:locale\" content=\"es_ES\" \/>\n<meta property=\"og:type\" content=\"article\" \/>\n<meta property=\"og:title\" content=\"QueXopa\u00ae | Latin American Data &amp; Insights\" \/>\n<meta property=\"og:description\" content=\"QueXopa\u00ae is a consumer pricing alternative data service provider that provides reliable, high-quality, and precise data on demand for 18 countries in Latin America.\" \/>\n<meta property=\"og:url\" content=\"https:\/\/quexopa.io\/es\/\" \/>\n<meta property=\"og:site_name\" content=\"QueXopa\u00ae | Latin American Insights\" \/>\n<meta property=\"article:modified_time\" content=\"2020-06-21T16:09:31+00:00\" \/>\n<meta property=\"og:image\" content=\"https:\/\/quexopa.io\/wp-content\/uploads\/2019\/11\/QueXopa_Header_Data_Collection.svg\" \/>\n<meta name=\"twitter:card\" content=\"summary_large_image\" \/>\n<meta name=\"twitter:site\" content=\"@quexopadata\" \/>\n<meta name=\"twitter:label1\" content=\"Tiempo de lectura\">\n\t<meta name=\"twitter:data1\" content=\"6 minutos\">\n<script type=\"application\/ld+json\" class=\"yoast-schema-graph\">{\"@context\":\"https:\/\/schema.org\",\"@graph\":[{\"@type\":\"Organization\",\"@id\":\"https:\/\/quexopa.io\/#organization\",\"name\":\"QueXopa\",\"url\":\"https:\/\/quexopa.io\/\",\"sameAs\":[\"http:\/\/@quexopadata\",\"https:\/\/twitter.com\/quexopadata\"],\"logo\":{\"@type\":\"ImageObject\",\"@id\":\"https:\/\/quexopa.io\/#logo\",\"inLanguage\":\"es\",\"url\":\"https:\/\/quexopa.io\/wp-content\/uploads\/2018\/03\/QuexopaLogo_2.svg\",\"width\":468,\"height\":135,\"caption\":\"QueXopa\"},\"image\":{\"@id\":\"https:\/\/quexopa.io\/#logo\"}},{\"@type\":\"WebSite\",\"@id\":\"https:\/\/quexopa.io\/#website\",\"url\":\"https:\/\/quexopa.io\/\",\"name\":\"QueXopa\\u00ae | Latin American Insights\",\"description\":\"Alternative Data for Emerging Markets\",\"publisher\":{\"@id\":\"https:\/\/quexopa.io\/#organization\"},\"potentialAction\":[{\"@type\":\"SearchAction\",\"target\":\"https:\/\/quexopa.io\/?s={search_term_string}\",\"query-input\":\"required name=search_term_string\"}],\"inLanguage\":\"es\"},{\"@type\":\"ImageObject\",\"@id\":\"https:\/\/quexopa.io\/es\/#primaryimage\",\"inLanguage\":\"es\",\"url\":\"https:\/\/quexopa.io\/wp-content\/uploads\/2019\/11\/QueXopa_Header_Data_Collection.svg\",\"width\":1758,\"height\":1205},{\"@type\":\"WebPage\",\"@id\":\"https:\/\/quexopa.io\/es\/#webpage\",\"url\":\"https:\/\/quexopa.io\/es\/\",\"name\":\"QueXopa\\u00ae | Latin American Data & Insights\",\"isPartOf\":{\"@id\":\"https:\/\/quexopa.io\/#website\"},\"primaryImageOfPage\":{\"@id\":\"https:\/\/quexopa.io\/es\/#primaryimage\"},\"datePublished\":\"2020-03-06T10:36:39+00:00\",\"dateModified\":\"2020-06-21T16:09:31+00:00\",\"description\":\"QueXopa\\u00ae is a consumer pricing alternative data service provider that provides reliable, high-quality, and precise data on demand for 18 countries in Latin America.\",\"breadcrumb\":{\"@id\":\"https:\/\/quexopa.io\/es\/#breadcrumb\"},\"inLanguage\":\"es\",\"potentialAction\":[{\"@type\":\"ReadAction\",\"target\":[\"https:\/\/quexopa.io\/es\/\"]}]},{\"@type\":\"BreadcrumbList\",\"@id\":\"https:\/\/quexopa.io\/es\/#breadcrumb\",\"itemListElement\":[{\"@type\":\"ListItem\",\"position\":1,\"item\":{\"@type\":\"WebPage\",\"@id\":\"https:\/\/quexopa.io\/es\/\",\"url\":\"https:\/\/quexopa.io\/es\/\",\"name\":\"Home\"}},{\"@type\":\"ListItem\",\"position\":2,\"item\":{\"@type\":\"WebPage\",\"@id\":\"https:\/\/quexopa.io\/es\/\",\"url\":\"https:\/\/quexopa.io\/es\/\",\"name\":\"Home ES\"}}]}]}<\/script>\n<!-- \/ Yoast SEO plugin. -->","_links":{"self":[{"href":"https:\/\/quexopa.io\/es\/wp-json\/wp\/v2\/pages\/3121"}],"collection":[{"href":"https:\/\/quexopa.io\/es\/wp-json\/wp\/v2\/pages"}],"about":[{"href":"https:\/\/quexopa.io\/es\/wp-json\/wp\/v2\/types\/page"}],"author":[{"embeddable":true,"href":"https:\/\/quexopa.io\/es\/wp-json\/wp\/v2\/users\/2"}],"replies":[{"embeddable":true,"href":"https:\/\/quexopa.io\/es\/wp-json\/wp\/v2\/comments?post=3121"}],"version-history":[{"count":42,"href":"https:\/\/quexopa.io\/es\/wp-json\/wp\/v2\/pages\/3121\/revisions"}],"predecessor-version":[{"id":3351,"href":"https:\/\/quexopa.io\/es\/wp-json\/wp\/v2\/pages\/3121\/revisions\/3351"}],"wp:attachment":[{"href":"https:\/\/quexopa.io\/es\/wp-json\/wp\/v2\/media?parent=3121"}],"curies":[{"name":"wp","href":"https:\/\/api.w.org\/{rel}","templated":true}]}}